{"id":54922,"date":"2020-03-20T02:09:11","date_gmt":"2020-03-20T01:09:11","guid":{"rendered":"https:\/\/www.marsupio.it\/?post_type=product&#038;p=54922"},"modified":"2026-04-15T14:58:32","modified_gmt":"2026-04-15T12:58:32","slug":"delta","status":"publish","type":"product","link":"https:\/\/www.marsupio.it\/it\/prodotto\/delta\/","title":{"rendered":"Delta"},"content":{"rendered":"","protected":false},"excerpt":{"rendered":"<p>Scopri la praticit\u00e0 e la versatilit\u00e0 di DELTA, progettato per accompagnarti in ogni attivit\u00e0 all\u2019aria aperta o nella vita di tutti i giorni. Offre un dorso imbottito e traspirante che garantisce il massimo comfort anche durante un utilizzo prolungato.<br \/>\nLa cinghia a vita regolabile assicura una vestibilit\u00e0 stabile, mentre la tracolla removibile ti permette di indossarlo anche a spalla, adattandosi a ogni esigenza. Le alette lombari sono richiudibili per renderlo pi\u00f9 compatto quando viene utilizzato a tracolla.<br \/>\nPensato per essere pratico e organizzato, il marsupio \u00e8 dotato di numerosi dettagli funzionali: attacchi per accessori e kit, porta chiavi integrato e una tasca frontale, le due tasche esterne in rete offrono spazio extra per piccoli accessori o borracce.<br \/>\nEsternamente \u00e8 dotato di inserti ad alta visibilit\u00e0 che migliorano la sicurezza in condizioni di scarsa illuminazione.<br \/>\nPerfetto per escursioni, viaggi o uso urbano, questo marsupio unisce comfort, funzionalit\u00e0 e design polivalente.<\/p>\n","protected":false},"featured_media":54931,"template":"","meta":{"_acf_changed":false},"product_cat":[186],"product_tag":[406,349,344,420,377],"class_list":{"0":"post-54922","1":"product","2":"type-product","3":"status-publish","4":"has-post-thumbnail","6":"product_cat-accessori","7":"product_tag-marsupio-capiente","8":"product_tag-tasche-interne","9":"product_tag-tasche-laterali","10":"product_tag-urban","11":"product_tag-viaggio","12":"pa_colore-nero","14":"first","15":"instock","16":"taxable","17":"shipping-taxable","18":"purchasable","19":"product-type-simple"},"acf":[],"yoast_head":"<!-- This site is optimized with the Yoast SEO plugin v25.8 - https:\/\/yoast.com\/wordpress\/plugins\/seo\/ -->\n<title>Delta - Marsupio<\/title>\n<meta name=\"robots\" content=\"index, follow, max-snippet:-1, max-image-preview:large, max-video-preview:-1\" \/>\n<link rel=\"canonical\" href=\"https:\/\/www.marsupio.it\/it\/prodotto\/delta\/\" \/>\n<meta property=\"og:locale\" content=\"it_IT\" \/>\n<meta property=\"og:type\" content=\"article\" \/>\n<meta property=\"og:title\" content=\"Delta - Marsupio\" \/>\n<meta property=\"og:description\" content=\"Scopri la praticit\u00e0 e la versatilit\u00e0 di DELTA, progettato per accompagnarti in ogni attivit\u00e0 all\u2019aria aperta o nella vita di tutti i giorni. Offre un dorso imbottito e traspirante che garantisce il massimo comfort anche durante un utilizzo prolungato. La cinghia a vita regolabile assicura una vestibilit\u00e0 stabile, mentre la tracolla removibile ti permette di indossarlo anche a spalla, adattandosi a ogni esigenza. Le alette lombari sono richiudibili per renderlo pi\u00f9 compatto quando viene utilizzato a tracolla. Pensato per essere pratico e organizzato, il marsupio \u00e8 dotato di numerosi dettagli funzionali: attacchi per accessori e kit, porta chiavi integrato e una tasca frontale, le due tasche esterne in rete offrono spazio extra per piccoli accessori o borracce. Esternamente \u00e8 dotato di inserti ad alta visibilit\u00e0 che migliorano la sicurezza in condizioni di scarsa illuminazione. Perfetto per escursioni, viaggi o uso urbano, questo marsupio unisce comfort, funzionalit\u00e0 e design polivalente.\" \/>\n<meta property=\"og:url\" content=\"https:\/\/www.marsupio.it\/it\/prodotto\/delta\/\" \/>\n<meta property=\"og:site_name\" content=\"Marsupio\" \/>\n<meta property=\"article:modified_time\" content=\"2026-04-15T12:58:32+00:00\" \/>\n<meta property=\"og:image\" content=\"https:\/\/www.marsupio.it\/wp-content\/uploads\/2026\/03\/DELTA-N-min.jpg\" \/>\n\t<meta property=\"og:image:width\" content=\"1080\" \/>\n\t<meta property=\"og:image:height\" content=\"1080\" \/>\n\t<meta property=\"og:image:type\" content=\"image\/jpeg\" \/>\n<meta name=\"twitter:card\" content=\"summary_large_image\" \/>\n<meta name=\"twitter:label1\" content=\"Tempo di lettura stimato\" \/>\n\t<meta name=\"twitter:data1\" content=\"1 minuto\" \/>\n<script type=\"application\/ld+json\" class=\"yoast-schema-graph\">{\"@context\":\"https:\/\/schema.org\",\"@graph\":[{\"@type\":\"WebPage\",\"@id\":\"https:\/\/www.marsupio.it\/it\/prodotto\/delta\/\",\"url\":\"https:\/\/www.marsupio.it\/it\/prodotto\/delta\/\",\"name\":\"Delta - Marsupio\",\"isPartOf\":{\"@id\":\"https:\/\/www.marsupio.it\/en\/#website\"},\"primaryImageOfPage\":{\"@id\":\"https:\/\/www.marsupio.it\/it\/prodotto\/delta\/#primaryimage\"},\"image\":{\"@id\":\"https:\/\/www.marsupio.it\/it\/prodotto\/delta\/#primaryimage\"},\"thumbnailUrl\":\"https:\/\/www.marsupio.it\/wp-content\/uploads\/2026\/03\/DELTA-N-min.jpg\",\"datePublished\":\"2020-03-20T01:09:11+00:00\",\"dateModified\":\"2026-04-15T12:58:32+00:00\",\"breadcrumb\":{\"@id\":\"https:\/\/www.marsupio.it\/it\/prodotto\/delta\/#breadcrumb\"},\"inLanguage\":\"it-IT\",\"potentialAction\":[{\"@type\":\"ReadAction\",\"target\":[\"https:\/\/www.marsupio.it\/it\/prodotto\/delta\/\"]}]},{\"@type\":\"ImageObject\",\"inLanguage\":\"it-IT\",\"@id\":\"https:\/\/www.marsupio.it\/it\/prodotto\/delta\/#primaryimage\",\"url\":\"https:\/\/www.marsupio.it\/wp-content\/uploads\/2026\/03\/DELTA-N-min.jpg\",\"contentUrl\":\"https:\/\/www.marsupio.it\/wp-content\/uploads\/2026\/03\/DELTA-N-min.jpg\",\"width\":1080,\"height\":1080},{\"@type\":\"BreadcrumbList\",\"@id\":\"https:\/\/www.marsupio.it\/it\/prodotto\/delta\/#breadcrumb\",\"itemListElement\":[{\"@type\":\"ListItem\",\"position\":1,\"name\":\"Home\",\"item\":\"https:\/\/www.marsupio.it\/it\/\"},{\"@type\":\"ListItem\",\"position\":2,\"name\":\"prodotti\",\"item\":\"https:\/\/www.marsupio.it\/it\/shop\/\"},{\"@type\":\"ListItem\",\"position\":3,\"name\":\"Delta\"}]},{\"@type\":\"WebSite\",\"@id\":\"https:\/\/www.marsupio.it\/en\/#website\",\"url\":\"https:\/\/www.marsupio.it\/en\/\",\"name\":\"Marsupio\",\"description\":\"\",\"publisher\":{\"@id\":\"https:\/\/www.marsupio.it\/en\/#organization\"},\"potentialAction\":[{\"@type\":\"SearchAction\",\"target\":{\"@type\":\"EntryPoint\",\"urlTemplate\":\"https:\/\/www.marsupio.it\/en\/?s={search_term_string}\"},\"query-input\":{\"@type\":\"PropertyValueSpecification\",\"valueRequired\":true,\"valueName\":\"search_term_string\"}}],\"inLanguage\":\"it-IT\"},{\"@type\":\"Organization\",\"@id\":\"https:\/\/www.marsupio.it\/en\/#organization\",\"name\":\"Marsupio\",\"url\":\"https:\/\/www.marsupio.it\/en\/\",\"logo\":{\"@type\":\"ImageObject\",\"inLanguage\":\"it-IT\",\"@id\":\"https:\/\/www.marsupio.it\/en\/#\/schema\/logo\/image\/\",\"url\":\"https:\/\/www.marsupio.it\/wp-content\/uploads\/2022\/09\/Marsupio2-1.png\",\"contentUrl\":\"https:\/\/www.marsupio.it\/wp-content\/uploads\/2022\/09\/Marsupio2-1.png\",\"width\":475,\"height\":294,\"caption\":\"Marsupio\"},\"image\":{\"@id\":\"https:\/\/www.marsupio.it\/en\/#\/schema\/logo\/image\/\"}}]}<\/script>\n<!-- \/ Yoast SEO plugin. -->","yoast_head_json":{"title":"Delta - Marsupio","robots":{"index":"index","follow":"follow","max-snippet":"max-snippet:-1","max-image-preview":"max-image-preview:large","max-video-preview":"max-video-preview:-1"},"canonical":"https:\/\/www.marsupio.it\/it\/prodotto\/delta\/","og_locale":"it_IT","og_type":"article","og_title":"Delta - Marsupio","og_description":"Scopri la praticit\u00e0 e la versatilit\u00e0 di DELTA, progettato per accompagnarti in ogni attivit\u00e0 all\u2019aria aperta o nella vita di tutti i giorni. Offre un dorso imbottito e traspirante che garantisce il massimo comfort anche durante un utilizzo prolungato. La cinghia a vita regolabile assicura una vestibilit\u00e0 stabile, mentre la tracolla removibile ti permette di indossarlo anche a spalla, adattandosi a ogni esigenza. Le alette lombari sono richiudibili per renderlo pi\u00f9 compatto quando viene utilizzato a tracolla. Pensato per essere pratico e organizzato, il marsupio \u00e8 dotato di numerosi dettagli funzionali: attacchi per accessori e kit, porta chiavi integrato e una tasca frontale, le due tasche esterne in rete offrono spazio extra per piccoli accessori o borracce. Esternamente \u00e8 dotato di inserti ad alta visibilit\u00e0 che migliorano la sicurezza in condizioni di scarsa illuminazione. Perfetto per escursioni, viaggi o uso urbano, questo marsupio unisce comfort, funzionalit\u00e0 e design polivalente.","og_url":"https:\/\/www.marsupio.it\/it\/prodotto\/delta\/","og_site_name":"Marsupio","article_modified_time":"2026-04-15T12:58:32+00:00","og_image":[{"width":1080,"height":1080,"url":"https:\/\/www.marsupio.it\/wp-content\/uploads\/2026\/03\/DELTA-N-min.jpg","type":"image\/jpeg"}],"twitter_card":"summary_large_image","twitter_misc":{"Tempo di lettura stimato":"1 minuto"},"schema":{"@context":"https:\/\/schema.org","@graph":[{"@type":"WebPage","@id":"https:\/\/www.marsupio.it\/it\/prodotto\/delta\/","url":"https:\/\/www.marsupio.it\/it\/prodotto\/delta\/","name":"Delta - Marsupio","isPartOf":{"@id":"https:\/\/www.marsupio.it\/en\/#website"},"primaryImageOfPage":{"@id":"https:\/\/www.marsupio.it\/it\/prodotto\/delta\/#primaryimage"},"image":{"@id":"https:\/\/www.marsupio.it\/it\/prodotto\/delta\/#primaryimage"},"thumbnailUrl":"https:\/\/www.marsupio.it\/wp-content\/uploads\/2026\/03\/DELTA-N-min.jpg","datePublished":"2020-03-20T01:09:11+00:00","dateModified":"2026-04-15T12:58:32+00:00","breadcrumb":{"@id":"https:\/\/www.marsupio.it\/it\/prodotto\/delta\/#breadcrumb"},"inLanguage":"it-IT","potentialAction":[{"@type":"ReadAction","target":["https:\/\/www.marsupio.it\/it\/prodotto\/delta\/"]}]},{"@type":"ImageObject","inLanguage":"it-IT","@id":"https:\/\/www.marsupio.it\/it\/prodotto\/delta\/#primaryimage","url":"https:\/\/www.marsupio.it\/wp-content\/uploads\/2026\/03\/DELTA-N-min.jpg","contentUrl":"https:\/\/www.marsupio.it\/wp-content\/uploads\/2026\/03\/DELTA-N-min.jpg","width":1080,"height":1080},{"@type":"BreadcrumbList","@id":"https:\/\/www.marsupio.it\/it\/prodotto\/delta\/#breadcrumb","itemListElement":[{"@type":"ListItem","position":1,"name":"Home","item":"https:\/\/www.marsupio.it\/it\/"},{"@type":"ListItem","position":2,"name":"prodotti","item":"https:\/\/www.marsupio.it\/it\/shop\/"},{"@type":"ListItem","position":3,"name":"Delta"}]},{"@type":"WebSite","@id":"https:\/\/www.marsupio.it\/en\/#website","url":"https:\/\/www.marsupio.it\/en\/","name":"Marsupio","description":"","publisher":{"@id":"https:\/\/www.marsupio.it\/en\/#organization"},"potentialAction":[{"@type":"SearchAction","target":{"@type":"EntryPoint","urlTemplate":"https:\/\/www.marsupio.it\/en\/?s={search_term_string}"},"query-input":{"@type":"PropertyValueSpecification","valueRequired":true,"valueName":"search_term_string"}}],"inLanguage":"it-IT"},{"@type":"Organization","@id":"https:\/\/www.marsupio.it\/en\/#organization","name":"Marsupio","url":"https:\/\/www.marsupio.it\/en\/","logo":{"@type":"ImageObject","inLanguage":"it-IT","@id":"https:\/\/www.marsupio.it\/en\/#\/schema\/logo\/image\/","url":"https:\/\/www.marsupio.it\/wp-content\/uploads\/2022\/09\/Marsupio2-1.png","contentUrl":"https:\/\/www.marsupio.it\/wp-content\/uploads\/2022\/09\/Marsupio2-1.png","width":475,"height":294,"caption":"Marsupio"},"image":{"@id":"https:\/\/www.marsupio.it\/en\/#\/schema\/logo\/image\/"}}]}},"_links":{"self":[{"href":"https:\/\/www.marsupio.it\/it\/wp-json\/wp\/v2\/product\/54922","targetHints":{"allow":["GET"]}}],"collection":[{"href":"https:\/\/www.marsupio.it\/it\/wp-json\/wp\/v2\/product"}],"about":[{"href":"https:\/\/www.marsupio.it\/it\/wp-json\/wp\/v2\/types\/product"}],"wp:featuredmedia":[{"embeddable":true,"href":"https:\/\/www.marsupio.it\/it\/wp-json\/wp\/v2\/media\/54931"}],"wp:attachment":[{"href":"https:\/\/www.marsupio.it\/it\/wp-json\/wp\/v2\/media?parent=54922"}],"wp:term":[{"taxonomy":"product_cat","embeddable":true,"href":"https:\/\/www.marsupio.it\/it\/wp-json\/wp\/v2\/product_cat?post=54922"},{"taxonomy":"product_tag","embeddable":true,"href":"https:\/\/www.marsupio.it\/it\/wp-json\/wp\/v2\/product_tag?post=54922"}],"curies":[{"name":"wp","href":"https:\/\/api.w.org\/{rel}","templated":true}]}}