{"id":54772,"date":"2026-02-23T15:36:38","date_gmt":"2026-02-23T14:36:38","guid":{"rendered":"https:\/\/www.marsupio.it\/?post_type=product&#038;p=54772"},"modified":"2026-04-09T17:57:57","modified_gmt":"2026-04-09T15:57:57","slug":"hiki-18","status":"publish","type":"product","link":"https:\/\/www.marsupio.it\/it\/prodotto\/hiki-18\/","title":{"rendered":"Hiki 18"},"content":{"rendered":"","protected":false},"excerpt":{"rendered":"<p>Zaino tecnico progettato per offrire comfort e funzionalit\u00e0 in ogni escursione. Il dorso \u00e8 dotato di sistema <a href=\"https:\/\/www.marsupio.it\/it\/sistemi\/\" target=\"_blank\" rel=\"noopener\"><strong data-start=\"196\" data-end=\"225\">AIR HOLES 100 BACK SYSTEM<\/strong><\/a>.<br \/>\nGli spallacci imbottiti, sagomati e regolabili assicurano una vestibilit\u00e0 ergonomica, mentre il cinturino pettorale regolabile con fibbia dotata di fischietto di emergenza e la cinghia a vita regolabile con cuscini lombari imbottiti e traspiranti, offrono stabilit\u00e0 e comfort.<br \/>\nL\u2019organizzazione degli spazi \u00e8 suddivisa in:<br \/>\nTasche lombari capienti per avere l\u2019essenziale sempre a portata di mano, doppia tasca sul cappuccio, di cui una dedicata al primo soccorso con stampa interna dei numeri utili in caso di emergenza, tasca frontale elasticizzata e due tasche laterali elasticizzate porta borraccia.<\/p>\n<p>Lo zaino \u00e8 dotato di asole sul cappuccio e frontali per l\u2019aggancio del <strong><a href=\"https:\/\/www.marsupio.it\/it\/prodotto\/kit-3\/\" target=\"_blank\" rel=\"noopener\">Kit 3<\/a><\/strong> (porta caschetto) o del <a href=\"https:\/\/www.marsupio.it\/it\/prodotto\/kit-4\/\" target=\"_blank\" rel=\"noopener\"><strong>Kit 4<\/strong><\/a> (cinghie porta ciaspole), oltre a cinghie di compressione laterali per stabilizzare il carico e attacchi porta bastoncini.<\/p>\n<p>Compatibile con sistemi di idratazione, include copri-zaino antipioggia riposto in una pratica tasca dedicata sul fondo. Ideale per trekking, escursioni e attivit\u00e0 outdoor in ogni stagione.<\/p>\n","protected":false},"featured_media":54775,"template":"","meta":{"_acf_changed":false},"product_cat":[2371,181,179],"product_tag":[395,362,344,377],"class_list":{"0":"post-54772","1":"product","2":"type-product","3":"status-publish","4":"has-post-thumbnail","6":"product_cat-experience","7":"product_cat-famiglia","8":"product_cat-trekking","9":"product_tag-famiglia","10":"product_tag-porta-bastoni","11":"product_tag-tasche-laterali","12":"product_tag-viaggio","13":"pa_colore-petrolio-it","14":"pa_colore-rosso-it","16":"first","17":"instock","18":"taxable","19":"shipping-taxable","20":"purchasable","21":"product-type-variable","22":"has-default-attributes"},"acf":[],"yoast_head":"<!-- This site is optimized with the Yoast SEO plugin v25.8 - https:\/\/yoast.com\/wordpress\/plugins\/seo\/ -->\n<title>Hiki 18 - Marsupio<\/title>\n<meta name=\"robots\" content=\"index, follow, max-snippet:-1, max-image-preview:large, max-video-preview:-1\" \/>\n<link rel=\"canonical\" href=\"https:\/\/www.marsupio.it\/it\/prodotto\/hiki-18\/\" \/>\n<meta property=\"og:locale\" content=\"it_IT\" \/>\n<meta property=\"og:type\" content=\"article\" \/>\n<meta property=\"og:title\" content=\"Hiki 18 - Marsupio\" \/>\n<meta property=\"og:description\" content=\"Zaino tecnico progettato per offrire comfort e funzionalit\u00e0 in ogni escursione. Il dorso \u00e8 dotato di sistema AIR HOLES 100 BACK SYSTEM. Gli spallacci imbottiti, sagomati e regolabili assicurano una vestibilit\u00e0 ergonomica, mentre il cinturino pettorale regolabile con fibbia dotata di fischietto di emergenza e la cinghia a vita regolabile con cuscini lombari imbottiti e traspiranti, offrono stabilit\u00e0 e comfort. L\u2019organizzazione degli spazi \u00e8 suddivisa in: Tasche lombari capienti per avere l\u2019essenziale sempre a portata di mano, doppia tasca sul cappuccio, di cui una dedicata al primo soccorso con stampa interna dei numeri utili in caso di emergenza, tasca frontale elasticizzata e due tasche laterali elasticizzate porta borraccia.  Lo zaino \u00e8 dotato di asole sul cappuccio e frontali per l\u2019aggancio del Kit 3 (porta caschetto) o del Kit 4 (cinghie porta ciaspole), oltre a cinghie di compressione laterali per stabilizzare il carico e attacchi porta bastoncini.  Compatibile con sistemi di idratazione, include copri-zaino antipioggia riposto in una pratica tasca dedicata sul fondo. Ideale per trekking, escursioni e attivit\u00e0 outdoor in ogni stagione.\" \/>\n<meta property=\"og:url\" content=\"https:\/\/www.marsupio.it\/it\/prodotto\/hiki-18\/\" \/>\n<meta property=\"og:site_name\" content=\"Marsupio\" \/>\n<meta property=\"article:modified_time\" content=\"2026-04-09T15:57:57+00:00\" \/>\n<meta property=\"og:image\" content=\"https:\/\/www.marsupio.it\/wp-content\/uploads\/2026\/02\/HIKI-18-P-copia-min.jpg\" \/>\n\t<meta property=\"og:image:width\" content=\"1080\" \/>\n\t<meta property=\"og:image:height\" content=\"1080\" \/>\n\t<meta property=\"og:image:type\" content=\"image\/jpeg\" \/>\n<meta name=\"twitter:card\" content=\"summary_large_image\" \/>\n<meta name=\"twitter:label1\" content=\"Tempo di lettura stimato\" \/>\n\t<meta name=\"twitter:data1\" content=\"1 minuto\" \/>\n<script type=\"application\/ld+json\" class=\"yoast-schema-graph\">{\"@context\":\"https:\/\/schema.org\",\"@graph\":[{\"@type\":\"WebPage\",\"@id\":\"https:\/\/www.marsupio.it\/it\/prodotto\/hiki-18\/\",\"url\":\"https:\/\/www.marsupio.it\/it\/prodotto\/hiki-18\/\",\"name\":\"Hiki 18 - Marsupio\",\"isPartOf\":{\"@id\":\"https:\/\/www.marsupio.it\/en\/#website\"},\"primaryImageOfPage\":{\"@id\":\"https:\/\/www.marsupio.it\/it\/prodotto\/hiki-18\/#primaryimage\"},\"image\":{\"@id\":\"https:\/\/www.marsupio.it\/it\/prodotto\/hiki-18\/#primaryimage\"},\"thumbnailUrl\":\"https:\/\/www.marsupio.it\/wp-content\/uploads\/2026\/02\/HIKI-18-P-copia-min.jpg\",\"datePublished\":\"2026-02-23T14:36:38+00:00\",\"dateModified\":\"2026-04-09T15:57:57+00:00\",\"breadcrumb\":{\"@id\":\"https:\/\/www.marsupio.it\/it\/prodotto\/hiki-18\/#breadcrumb\"},\"inLanguage\":\"it-IT\",\"potentialAction\":[{\"@type\":\"ReadAction\",\"target\":[\"https:\/\/www.marsupio.it\/it\/prodotto\/hiki-18\/\"]}]},{\"@type\":\"ImageObject\",\"inLanguage\":\"it-IT\",\"@id\":\"https:\/\/www.marsupio.it\/it\/prodotto\/hiki-18\/#primaryimage\",\"url\":\"https:\/\/www.marsupio.it\/wp-content\/uploads\/2026\/02\/HIKI-18-P-copia-min.jpg\",\"contentUrl\":\"https:\/\/www.marsupio.it\/wp-content\/uploads\/2026\/02\/HIKI-18-P-copia-min.jpg\",\"width\":1080,\"height\":1080},{\"@type\":\"BreadcrumbList\",\"@id\":\"https:\/\/www.marsupio.it\/it\/prodotto\/hiki-18\/#breadcrumb\",\"itemListElement\":[{\"@type\":\"ListItem\",\"position\":1,\"name\":\"Home\",\"item\":\"https:\/\/www.marsupio.it\/it\/\"},{\"@type\":\"ListItem\",\"position\":2,\"name\":\"prodotti\",\"item\":\"https:\/\/www.marsupio.it\/it\/shop\/\"},{\"@type\":\"ListItem\",\"position\":3,\"name\":\"Hiki 18\"}]},{\"@type\":\"WebSite\",\"@id\":\"https:\/\/www.marsupio.it\/en\/#website\",\"url\":\"https:\/\/www.marsupio.it\/en\/\",\"name\":\"Marsupio\",\"description\":\"\",\"publisher\":{\"@id\":\"https:\/\/www.marsupio.it\/en\/#organization\"},\"potentialAction\":[{\"@type\":\"SearchAction\",\"target\":{\"@type\":\"EntryPoint\",\"urlTemplate\":\"https:\/\/www.marsupio.it\/en\/?s={search_term_string}\"},\"query-input\":{\"@type\":\"PropertyValueSpecification\",\"valueRequired\":true,\"valueName\":\"search_term_string\"}}],\"inLanguage\":\"it-IT\"},{\"@type\":\"Organization\",\"@id\":\"https:\/\/www.marsupio.it\/en\/#organization\",\"name\":\"Marsupio\",\"url\":\"https:\/\/www.marsupio.it\/en\/\",\"logo\":{\"@type\":\"ImageObject\",\"inLanguage\":\"it-IT\",\"@id\":\"https:\/\/www.marsupio.it\/en\/#\/schema\/logo\/image\/\",\"url\":\"https:\/\/www.marsupio.it\/wp-content\/uploads\/2022\/09\/Marsupio2-1.png\",\"contentUrl\":\"https:\/\/www.marsupio.it\/wp-content\/uploads\/2022\/09\/Marsupio2-1.png\",\"width\":475,\"height\":294,\"caption\":\"Marsupio\"},\"image\":{\"@id\":\"https:\/\/www.marsupio.it\/en\/#\/schema\/logo\/image\/\"}}]}<\/script>\n<!-- \/ Yoast SEO plugin. -->","yoast_head_json":{"title":"Hiki 18 - Marsupio","robots":{"index":"index","follow":"follow","max-snippet":"max-snippet:-1","max-image-preview":"max-image-preview:large","max-video-preview":"max-video-preview:-1"},"canonical":"https:\/\/www.marsupio.it\/it\/prodotto\/hiki-18\/","og_locale":"it_IT","og_type":"article","og_title":"Hiki 18 - Marsupio","og_description":"Zaino tecnico progettato per offrire comfort e funzionalit\u00e0 in ogni escursione. Il dorso \u00e8 dotato di sistema AIR HOLES 100 BACK SYSTEM. Gli spallacci imbottiti, sagomati e regolabili assicurano una vestibilit\u00e0 ergonomica, mentre il cinturino pettorale regolabile con fibbia dotata di fischietto di emergenza e la cinghia a vita regolabile con cuscini lombari imbottiti e traspiranti, offrono stabilit\u00e0 e comfort. L\u2019organizzazione degli spazi \u00e8 suddivisa in: Tasche lombari capienti per avere l\u2019essenziale sempre a portata di mano, doppia tasca sul cappuccio, di cui una dedicata al primo soccorso con stampa interna dei numeri utili in caso di emergenza, tasca frontale elasticizzata e due tasche laterali elasticizzate porta borraccia.  Lo zaino \u00e8 dotato di asole sul cappuccio e frontali per l\u2019aggancio del Kit 3 (porta caschetto) o del Kit 4 (cinghie porta ciaspole), oltre a cinghie di compressione laterali per stabilizzare il carico e attacchi porta bastoncini.  Compatibile con sistemi di idratazione, include copri-zaino antipioggia riposto in una pratica tasca dedicata sul fondo. Ideale per trekking, escursioni e attivit\u00e0 outdoor in ogni stagione.","og_url":"https:\/\/www.marsupio.it\/it\/prodotto\/hiki-18\/","og_site_name":"Marsupio","article_modified_time":"2026-04-09T15:57:57+00:00","og_image":[{"width":1080,"height":1080,"url":"https:\/\/www.marsupio.it\/wp-content\/uploads\/2026\/02\/HIKI-18-P-copia-min.jpg","type":"image\/jpeg"}],"twitter_card":"summary_large_image","twitter_misc":{"Tempo di lettura stimato":"1 minuto"},"schema":{"@context":"https:\/\/schema.org","@graph":[{"@type":"WebPage","@id":"https:\/\/www.marsupio.it\/it\/prodotto\/hiki-18\/","url":"https:\/\/www.marsupio.it\/it\/prodotto\/hiki-18\/","name":"Hiki 18 - Marsupio","isPartOf":{"@id":"https:\/\/www.marsupio.it\/en\/#website"},"primaryImageOfPage":{"@id":"https:\/\/www.marsupio.it\/it\/prodotto\/hiki-18\/#primaryimage"},"image":{"@id":"https:\/\/www.marsupio.it\/it\/prodotto\/hiki-18\/#primaryimage"},"thumbnailUrl":"https:\/\/www.marsupio.it\/wp-content\/uploads\/2026\/02\/HIKI-18-P-copia-min.jpg","datePublished":"2026-02-23T14:36:38+00:00","dateModified":"2026-04-09T15:57:57+00:00","breadcrumb":{"@id":"https:\/\/www.marsupio.it\/it\/prodotto\/hiki-18\/#breadcrumb"},"inLanguage":"it-IT","potentialAction":[{"@type":"ReadAction","target":["https:\/\/www.marsupio.it\/it\/prodotto\/hiki-18\/"]}]},{"@type":"ImageObject","inLanguage":"it-IT","@id":"https:\/\/www.marsupio.it\/it\/prodotto\/hiki-18\/#primaryimage","url":"https:\/\/www.marsupio.it\/wp-content\/uploads\/2026\/02\/HIKI-18-P-copia-min.jpg","contentUrl":"https:\/\/www.marsupio.it\/wp-content\/uploads\/2026\/02\/HIKI-18-P-copia-min.jpg","width":1080,"height":1080},{"@type":"BreadcrumbList","@id":"https:\/\/www.marsupio.it\/it\/prodotto\/hiki-18\/#breadcrumb","itemListElement":[{"@type":"ListItem","position":1,"name":"Home","item":"https:\/\/www.marsupio.it\/it\/"},{"@type":"ListItem","position":2,"name":"prodotti","item":"https:\/\/www.marsupio.it\/it\/shop\/"},{"@type":"ListItem","position":3,"name":"Hiki 18"}]},{"@type":"WebSite","@id":"https:\/\/www.marsupio.it\/en\/#website","url":"https:\/\/www.marsupio.it\/en\/","name":"Marsupio","description":"","publisher":{"@id":"https:\/\/www.marsupio.it\/en\/#organization"},"potentialAction":[{"@type":"SearchAction","target":{"@type":"EntryPoint","urlTemplate":"https:\/\/www.marsupio.it\/en\/?s={search_term_string}"},"query-input":{"@type":"PropertyValueSpecification","valueRequired":true,"valueName":"search_term_string"}}],"inLanguage":"it-IT"},{"@type":"Organization","@id":"https:\/\/www.marsupio.it\/en\/#organization","name":"Marsupio","url":"https:\/\/www.marsupio.it\/en\/","logo":{"@type":"ImageObject","inLanguage":"it-IT","@id":"https:\/\/www.marsupio.it\/en\/#\/schema\/logo\/image\/","url":"https:\/\/www.marsupio.it\/wp-content\/uploads\/2022\/09\/Marsupio2-1.png","contentUrl":"https:\/\/www.marsupio.it\/wp-content\/uploads\/2022\/09\/Marsupio2-1.png","width":475,"height":294,"caption":"Marsupio"},"image":{"@id":"https:\/\/www.marsupio.it\/en\/#\/schema\/logo\/image\/"}}]}},"_links":{"self":[{"href":"https:\/\/www.marsupio.it\/it\/wp-json\/wp\/v2\/product\/54772","targetHints":{"allow":["GET"]}}],"collection":[{"href":"https:\/\/www.marsupio.it\/it\/wp-json\/wp\/v2\/product"}],"about":[{"href":"https:\/\/www.marsupio.it\/it\/wp-json\/wp\/v2\/types\/product"}],"wp:featuredmedia":[{"embeddable":true,"href":"https:\/\/www.marsupio.it\/it\/wp-json\/wp\/v2\/media\/54775"}],"wp:attachment":[{"href":"https:\/\/www.marsupio.it\/it\/wp-json\/wp\/v2\/media?parent=54772"}],"wp:term":[{"taxonomy":"product_cat","embeddable":true,"href":"https:\/\/www.marsupio.it\/it\/wp-json\/wp\/v2\/product_cat?post=54772"},{"taxonomy":"product_tag","embeddable":true,"href":"https:\/\/www.marsupio.it\/it\/wp-json\/wp\/v2\/product_tag?post=54772"}],"curies":[{"name":"wp","href":"https:\/\/api.w.org\/{rel}","templated":true}]}}