{"id":48322,"date":"2020-03-20T15:00:40","date_gmt":"2020-03-20T14:00:40","guid":{"rendered":"https:\/\/www.marsupio.it\/?post_type=product&#038;p=48322"},"modified":"2026-02-05T16:04:55","modified_gmt":"2026-02-05T15:04:55","slug":"ready-go-6","status":"publish","type":"product","link":"https:\/\/www.marsupio.it\/it\/prodotto\/ready-go-6\/","title":{"rendered":"Ready Go 6"},"content":{"rendered":"","protected":false},"excerpt":{"rendered":"<p>Comodo e leggero, Ready Go 6 \u00e8 lo zainetto dedicato agli amanti del trail running. Completo di tutti gli accessori necessari ad affrontare una gara. \u00c8 dotato di dorso traspirante, spallacci traspiranti in rete, cinturino pettorale scorrevole e regolabile.<br \/>\nIl fischietto \u00e8 incluso. \u00c8 provvisto di cinghie di regolazione laterali, due tasche frontali porta flask, due tasche porta barrette energetiche ed elastico esterno, ideale come porta bastoni. Frontalmente ha inserti ad alta visibilit\u00e0 e internamente uno scomparto totalmente dedicato al trasporto della sacca idrica. Nello scomparto principale vi \u00e8 una tasca interna di primo soccorso con stampa dei numeri utili per le emergenze.<\/p>\n","protected":false},"featured_media":49297,"template":"","meta":{"_acf_changed":false},"product_cat":[203],"product_tag":[367,403,418,397,264,365],"class_list":{"0":"post-48322","1":"product","2":"type-product","3":"status-publish","4":"has-post-thumbnail","6":"product_cat-bici-running","7":"product_tag-accesso-interno-con-zip","8":"product_tag-bici-running","9":"product_tag-dorso-imbottito","10":"product_tag-jogging","11":"product_tag-sistemi-idratazione","12":"product_tag-zaino-di-piccole-dimensioni","13":"pa_colore-nero-giallo","15":"first","16":"instock","17":"taxable","18":"shipping-taxable","19":"purchasable","20":"product-type-simple"},"acf":[],"yoast_head":"<!-- This site is optimized with the Yoast SEO plugin v25.8 - https:\/\/yoast.com\/wordpress\/plugins\/seo\/ -->\n<title>Ready Go 6 - Marsupio<\/title>\n<meta name=\"robots\" content=\"index, follow, max-snippet:-1, max-image-preview:large, max-video-preview:-1\" \/>\n<link rel=\"canonical\" href=\"https:\/\/www.marsupio.it\/it\/prodotto\/ready-go-6\/\" \/>\n<meta property=\"og:locale\" content=\"it_IT\" \/>\n<meta property=\"og:type\" content=\"article\" \/>\n<meta property=\"og:title\" content=\"Ready Go 6 - Marsupio\" \/>\n<meta property=\"og:description\" content=\"Comodo e leggero, Ready Go 6 \u00e8 lo zainetto dedicato agli amanti del trail running. Completo di tutti gli accessori necessari ad affrontare una gara. \u00c8 dotato di dorso traspirante, spallacci traspiranti in rete, cinturino pettorale scorrevole e regolabile. Il fischietto \u00e8 incluso. \u00c8 provvisto di cinghie di regolazione laterali, due tasche frontali porta flask, due tasche porta barrette energetiche ed elastico esterno, ideale come porta bastoni. Frontalmente ha inserti ad alta visibilit\u00e0 e internamente uno scomparto totalmente dedicato al trasporto della sacca idrica. Nello scomparto principale vi \u00e8 una tasca interna di primo soccorso con stampa dei numeri utili per le emergenze.\" \/>\n<meta property=\"og:url\" content=\"https:\/\/www.marsupio.it\/it\/prodotto\/ready-go-6\/\" \/>\n<meta property=\"og:site_name\" content=\"Marsupio\" \/>\n<meta property=\"article:modified_time\" content=\"2026-02-05T15:04:55+00:00\" \/>\n<meta property=\"og:image\" content=\"https:\/\/www.marsupio.it\/wp-content\/uploads\/2018\/01\/READY-GO-6-NGI-copia-min-copia-1.jpg\" \/>\n\t<meta property=\"og:image:width\" content=\"1080\" \/>\n\t<meta property=\"og:image:height\" content=\"1080\" \/>\n\t<meta property=\"og:image:type\" content=\"image\/jpeg\" \/>\n<meta name=\"twitter:card\" content=\"summary_large_image\" \/>\n<meta name=\"twitter:label1\" content=\"Tempo di lettura stimato\" \/>\n\t<meta name=\"twitter:data1\" content=\"1 minuto\" \/>\n<script type=\"application\/ld+json\" class=\"yoast-schema-graph\">{\"@context\":\"https:\/\/schema.org\",\"@graph\":[{\"@type\":\"WebPage\",\"@id\":\"https:\/\/www.marsupio.it\/it\/prodotto\/ready-go-6\/\",\"url\":\"https:\/\/www.marsupio.it\/it\/prodotto\/ready-go-6\/\",\"name\":\"Ready Go 6 - Marsupio\",\"isPartOf\":{\"@id\":\"https:\/\/www.marsupio.it\/en\/#website\"},\"primaryImageOfPage\":{\"@id\":\"https:\/\/www.marsupio.it\/it\/prodotto\/ready-go-6\/#primaryimage\"},\"image\":{\"@id\":\"https:\/\/www.marsupio.it\/it\/prodotto\/ready-go-6\/#primaryimage\"},\"thumbnailUrl\":\"https:\/\/www.marsupio.it\/wp-content\/uploads\/2018\/01\/READY-GO-6-NGI-copia-min-copia-1.jpg\",\"datePublished\":\"2020-03-20T14:00:40+00:00\",\"dateModified\":\"2026-02-05T15:04:55+00:00\",\"breadcrumb\":{\"@id\":\"https:\/\/www.marsupio.it\/it\/prodotto\/ready-go-6\/#breadcrumb\"},\"inLanguage\":\"it-IT\",\"potentialAction\":[{\"@type\":\"ReadAction\",\"target\":[\"https:\/\/www.marsupio.it\/it\/prodotto\/ready-go-6\/\"]}]},{\"@type\":\"ImageObject\",\"inLanguage\":\"it-IT\",\"@id\":\"https:\/\/www.marsupio.it\/it\/prodotto\/ready-go-6\/#primaryimage\",\"url\":\"https:\/\/www.marsupio.it\/wp-content\/uploads\/2018\/01\/READY-GO-6-NGI-copia-min-copia-1.jpg\",\"contentUrl\":\"https:\/\/www.marsupio.it\/wp-content\/uploads\/2018\/01\/READY-GO-6-NGI-copia-min-copia-1.jpg\",\"width\":1080,\"height\":1080},{\"@type\":\"BreadcrumbList\",\"@id\":\"https:\/\/www.marsupio.it\/it\/prodotto\/ready-go-6\/#breadcrumb\",\"itemListElement\":[{\"@type\":\"ListItem\",\"position\":1,\"name\":\"Home\",\"item\":\"https:\/\/www.marsupio.it\/it\/\"},{\"@type\":\"ListItem\",\"position\":2,\"name\":\"prodotti\",\"item\":\"https:\/\/www.marsupio.it\/it\/shop\/\"},{\"@type\":\"ListItem\",\"position\":3,\"name\":\"Ready Go 6\"}]},{\"@type\":\"WebSite\",\"@id\":\"https:\/\/www.marsupio.it\/en\/#website\",\"url\":\"https:\/\/www.marsupio.it\/en\/\",\"name\":\"Marsupio\",\"description\":\"\",\"publisher\":{\"@id\":\"https:\/\/www.marsupio.it\/en\/#organization\"},\"potentialAction\":[{\"@type\":\"SearchAction\",\"target\":{\"@type\":\"EntryPoint\",\"urlTemplate\":\"https:\/\/www.marsupio.it\/en\/?s={search_term_string}\"},\"query-input\":{\"@type\":\"PropertyValueSpecification\",\"valueRequired\":true,\"valueName\":\"search_term_string\"}}],\"inLanguage\":\"it-IT\"},{\"@type\":\"Organization\",\"@id\":\"https:\/\/www.marsupio.it\/en\/#organization\",\"name\":\"Marsupio\",\"url\":\"https:\/\/www.marsupio.it\/en\/\",\"logo\":{\"@type\":\"ImageObject\",\"inLanguage\":\"it-IT\",\"@id\":\"https:\/\/www.marsupio.it\/en\/#\/schema\/logo\/image\/\",\"url\":\"https:\/\/www.marsupio.it\/wp-content\/uploads\/2022\/09\/Marsupio2-1.png\",\"contentUrl\":\"https:\/\/www.marsupio.it\/wp-content\/uploads\/2022\/09\/Marsupio2-1.png\",\"width\":475,\"height\":294,\"caption\":\"Marsupio\"},\"image\":{\"@id\":\"https:\/\/www.marsupio.it\/en\/#\/schema\/logo\/image\/\"}}]}<\/script>\n<!-- \/ Yoast SEO plugin. -->","yoast_head_json":{"title":"Ready Go 6 - Marsupio","robots":{"index":"index","follow":"follow","max-snippet":"max-snippet:-1","max-image-preview":"max-image-preview:large","max-video-preview":"max-video-preview:-1"},"canonical":"https:\/\/www.marsupio.it\/it\/prodotto\/ready-go-6\/","og_locale":"it_IT","og_type":"article","og_title":"Ready Go 6 - Marsupio","og_description":"Comodo e leggero, Ready Go 6 \u00e8 lo zainetto dedicato agli amanti del trail running. Completo di tutti gli accessori necessari ad affrontare una gara. \u00c8 dotato di dorso traspirante, spallacci traspiranti in rete, cinturino pettorale scorrevole e regolabile. Il fischietto \u00e8 incluso. \u00c8 provvisto di cinghie di regolazione laterali, due tasche frontali porta flask, due tasche porta barrette energetiche ed elastico esterno, ideale come porta bastoni. Frontalmente ha inserti ad alta visibilit\u00e0 e internamente uno scomparto totalmente dedicato al trasporto della sacca idrica. Nello scomparto principale vi \u00e8 una tasca interna di primo soccorso con stampa dei numeri utili per le emergenze.","og_url":"https:\/\/www.marsupio.it\/it\/prodotto\/ready-go-6\/","og_site_name":"Marsupio","article_modified_time":"2026-02-05T15:04:55+00:00","og_image":[{"width":1080,"height":1080,"url":"https:\/\/www.marsupio.it\/wp-content\/uploads\/2018\/01\/READY-GO-6-NGI-copia-min-copia-1.jpg","type":"image\/jpeg"}],"twitter_card":"summary_large_image","twitter_misc":{"Tempo di lettura stimato":"1 minuto"},"schema":{"@context":"https:\/\/schema.org","@graph":[{"@type":"WebPage","@id":"https:\/\/www.marsupio.it\/it\/prodotto\/ready-go-6\/","url":"https:\/\/www.marsupio.it\/it\/prodotto\/ready-go-6\/","name":"Ready Go 6 - Marsupio","isPartOf":{"@id":"https:\/\/www.marsupio.it\/en\/#website"},"primaryImageOfPage":{"@id":"https:\/\/www.marsupio.it\/it\/prodotto\/ready-go-6\/#primaryimage"},"image":{"@id":"https:\/\/www.marsupio.it\/it\/prodotto\/ready-go-6\/#primaryimage"},"thumbnailUrl":"https:\/\/www.marsupio.it\/wp-content\/uploads\/2018\/01\/READY-GO-6-NGI-copia-min-copia-1.jpg","datePublished":"2020-03-20T14:00:40+00:00","dateModified":"2026-02-05T15:04:55+00:00","breadcrumb":{"@id":"https:\/\/www.marsupio.it\/it\/prodotto\/ready-go-6\/#breadcrumb"},"inLanguage":"it-IT","potentialAction":[{"@type":"ReadAction","target":["https:\/\/www.marsupio.it\/it\/prodotto\/ready-go-6\/"]}]},{"@type":"ImageObject","inLanguage":"it-IT","@id":"https:\/\/www.marsupio.it\/it\/prodotto\/ready-go-6\/#primaryimage","url":"https:\/\/www.marsupio.it\/wp-content\/uploads\/2018\/01\/READY-GO-6-NGI-copia-min-copia-1.jpg","contentUrl":"https:\/\/www.marsupio.it\/wp-content\/uploads\/2018\/01\/READY-GO-6-NGI-copia-min-copia-1.jpg","width":1080,"height":1080},{"@type":"BreadcrumbList","@id":"https:\/\/www.marsupio.it\/it\/prodotto\/ready-go-6\/#breadcrumb","itemListElement":[{"@type":"ListItem","position":1,"name":"Home","item":"https:\/\/www.marsupio.it\/it\/"},{"@type":"ListItem","position":2,"name":"prodotti","item":"https:\/\/www.marsupio.it\/it\/shop\/"},{"@type":"ListItem","position":3,"name":"Ready Go 6"}]},{"@type":"WebSite","@id":"https:\/\/www.marsupio.it\/en\/#website","url":"https:\/\/www.marsupio.it\/en\/","name":"Marsupio","description":"","publisher":{"@id":"https:\/\/www.marsupio.it\/en\/#organization"},"potentialAction":[{"@type":"SearchAction","target":{"@type":"EntryPoint","urlTemplate":"https:\/\/www.marsupio.it\/en\/?s={search_term_string}"},"query-input":{"@type":"PropertyValueSpecification","valueRequired":true,"valueName":"search_term_string"}}],"inLanguage":"it-IT"},{"@type":"Organization","@id":"https:\/\/www.marsupio.it\/en\/#organization","name":"Marsupio","url":"https:\/\/www.marsupio.it\/en\/","logo":{"@type":"ImageObject","inLanguage":"it-IT","@id":"https:\/\/www.marsupio.it\/en\/#\/schema\/logo\/image\/","url":"https:\/\/www.marsupio.it\/wp-content\/uploads\/2022\/09\/Marsupio2-1.png","contentUrl":"https:\/\/www.marsupio.it\/wp-content\/uploads\/2022\/09\/Marsupio2-1.png","width":475,"height":294,"caption":"Marsupio"},"image":{"@id":"https:\/\/www.marsupio.it\/en\/#\/schema\/logo\/image\/"}}]}},"_links":{"self":[{"href":"https:\/\/www.marsupio.it\/it\/wp-json\/wp\/v2\/product\/48322","targetHints":{"allow":["GET"]}}],"collection":[{"href":"https:\/\/www.marsupio.it\/it\/wp-json\/wp\/v2\/product"}],"about":[{"href":"https:\/\/www.marsupio.it\/it\/wp-json\/wp\/v2\/types\/product"}],"wp:featuredmedia":[{"embeddable":true,"href":"https:\/\/www.marsupio.it\/it\/wp-json\/wp\/v2\/media\/49297"}],"wp:attachment":[{"href":"https:\/\/www.marsupio.it\/it\/wp-json\/wp\/v2\/media?parent=48322"}],"wp:term":[{"taxonomy":"product_cat","embeddable":true,"href":"https:\/\/www.marsupio.it\/it\/wp-json\/wp\/v2\/product_cat?post=48322"},{"taxonomy":"product_tag","embeddable":true,"href":"https:\/\/www.marsupio.it\/it\/wp-json\/wp\/v2\/product_tag?post=48322"}],"curies":[{"name":"wp","href":"https:\/\/api.w.org\/{rel}","templated":true}]}}