{"id":48316,"date":"2020-03-09T12:00:58","date_gmt":"2020-03-09T11:00:58","guid":{"rendered":"https:\/\/www.marsupio.it\/?post_type=product&#038;p=48316"},"modified":"2026-02-05T15:57:15","modified_gmt":"2026-02-05T14:57:15","slug":"skill-x-14","status":"publish","type":"product","link":"https:\/\/www.marsupio.it\/it\/prodotto\/skill-x-14\/","title":{"rendered":"Skill X 14"},"content":{"rendered":"","protected":false},"excerpt":{"rendered":"<p>Una novit\u00e0 per gli amanti della bike e non solo. Skill X 14 \u00e8 compatto e completo di tutti i comfort per godersi a pieno questo sport entusiasmante. Zainetto per bici dotato di dorso imbottito <a href=\"https:\/\/www.marsupio.it\/it\/sistemi\/\" target=\"_blank\" rel=\"noopener\"><strong>PRO BACK SYSTEM<\/strong><\/a>, spallacci traspiranti sagomati e regolabili. Il cinturino pettorale \u00e8 scorrevole e regolabile con fibbia fischietto. La cinghia a vita \u00e8 regolabile con cuscinetti lombari in rete traspirante e tasche capienti. \u00c8 dotato di ampio scomparto principale, tasca interna di primo soccorso con stampa s.o.s., porta chiavi e tasca frontale munita di scomparti interni per l&#8217;attrezzatura. \u00c8 provvisto di porta caschetto estraibile dalla taschina sul fondo, che si fissa alle asole superiori. Frontalmente ha una comoda taschina, lateralmente ha un laccio adibito a portare i bastoni ed \u00e8 provvisto di due nastri di compressione laterali e due tasche esterne porta borraccia. \u00c8 compatibile con i sistemi d&#8217;idratazione. Equipaggiato di copri zaino inserito nella taschina sul fondo.<\/p>\n<p>Guarda il video <a href=\"https:\/\/www.youtube.com\/shorts\/gHQQWyXNXcg\" target=\"_blank\" rel=\"noopener\"><strong>qui<\/strong><\/a>.<\/p>\n","protected":false},"featured_media":49287,"template":"","meta":{"_acf_changed":false},"product_cat":[203],"product_tag":[367,418,404,264,354,365],"class_list":{"0":"post-48316","1":"product","2":"type-product","3":"status-publish","4":"has-post-thumbnail","6":"product_cat-bici-running","7":"product_tag-accesso-interno-con-zip","8":"product_tag-dorso-imbottito","9":"product_tag-porta-caschetto","10":"product_tag-sistemi-idratazione","11":"product_tag-taschina-su-cinghia-a-vita","12":"product_tag-zaino-di-piccole-dimensioni","13":"pa_colore-nero","14":"pa_colore-petrolio","16":"first","17":"instock","18":"taxable","19":"shipping-taxable","20":"purchasable","21":"product-type-variable","22":"has-default-attributes"},"acf":[],"yoast_head":"<!-- This site is optimized with the Yoast SEO plugin v25.8 - https:\/\/yoast.com\/wordpress\/plugins\/seo\/ -->\n<title>Skill X 14 - Marsupio<\/title>\n<meta name=\"robots\" content=\"index, follow, max-snippet:-1, max-image-preview:large, max-video-preview:-1\" \/>\n<link rel=\"canonical\" href=\"https:\/\/www.marsupio.it\/it\/prodotto\/skill-x-14\/\" \/>\n<meta property=\"og:locale\" content=\"it_IT\" \/>\n<meta property=\"og:type\" content=\"article\" \/>\n<meta property=\"og:title\" content=\"Skill X 14 - Marsupio\" \/>\n<meta property=\"og:description\" content=\"Una novit\u00e0 per gli amanti della bike e non solo. Skill X 14 \u00e8 compatto e completo di tutti i comfort per godersi a pieno questo sport entusiasmante. Zainetto per bici dotato di dorso imbottito PRO BACK SYSTEM, spallacci traspiranti sagomati e regolabili. Il cinturino pettorale \u00e8 scorrevole e regolabile con fibbia fischietto. La cinghia a vita \u00e8 regolabile con cuscinetti lombari in rete traspirante e tasche capienti. \u00c8 dotato di ampio scomparto principale, tasca interna di primo soccorso con stampa s.o.s., porta chiavi e tasca frontale munita di scomparti interni per l&#039;attrezzatura. \u00c8 provvisto di porta caschetto estraibile dalla taschina sul fondo, che si fissa alle asole superiori. Frontalmente ha una comoda taschina, lateralmente ha un laccio adibito a portare i bastoni ed \u00e8 provvisto di due nastri di compressione laterali e due tasche esterne porta borraccia. \u00c8 compatibile con i sistemi d&#039;idratazione. Equipaggiato di copri zaino inserito nella taschina sul fondo.  Guarda il video qui.\" \/>\n<meta property=\"og:url\" content=\"https:\/\/www.marsupio.it\/it\/prodotto\/skill-x-14\/\" \/>\n<meta property=\"og:site_name\" content=\"Marsupio\" \/>\n<meta property=\"article:modified_time\" content=\"2026-02-05T14:57:15+00:00\" \/>\n<meta property=\"og:image\" content=\"https:\/\/www.marsupio.it\/wp-content\/uploads\/2018\/01\/SKILL-X-14-N-copia.jpg\" \/>\n\t<meta property=\"og:image:width\" content=\"1080\" \/>\n\t<meta property=\"og:image:height\" content=\"1080\" \/>\n\t<meta property=\"og:image:type\" content=\"image\/jpeg\" \/>\n<meta name=\"twitter:card\" content=\"summary_large_image\" \/>\n<meta name=\"twitter:label1\" content=\"Tempo di lettura stimato\" \/>\n\t<meta name=\"twitter:data1\" content=\"1 minuto\" \/>\n<script type=\"application\/ld+json\" class=\"yoast-schema-graph\">{\"@context\":\"https:\/\/schema.org\",\"@graph\":[{\"@type\":\"WebPage\",\"@id\":\"https:\/\/www.marsupio.it\/it\/prodotto\/skill-x-14\/\",\"url\":\"https:\/\/www.marsupio.it\/it\/prodotto\/skill-x-14\/\",\"name\":\"Skill X 14 - Marsupio\",\"isPartOf\":{\"@id\":\"https:\/\/www.marsupio.it\/en\/#website\"},\"primaryImageOfPage\":{\"@id\":\"https:\/\/www.marsupio.it\/it\/prodotto\/skill-x-14\/#primaryimage\"},\"image\":{\"@id\":\"https:\/\/www.marsupio.it\/it\/prodotto\/skill-x-14\/#primaryimage\"},\"thumbnailUrl\":\"https:\/\/www.marsupio.it\/wp-content\/uploads\/2018\/01\/SKILL-X-14-N-copia.jpg\",\"datePublished\":\"2020-03-09T11:00:58+00:00\",\"dateModified\":\"2026-02-05T14:57:15+00:00\",\"breadcrumb\":{\"@id\":\"https:\/\/www.marsupio.it\/it\/prodotto\/skill-x-14\/#breadcrumb\"},\"inLanguage\":\"it-IT\",\"potentialAction\":[{\"@type\":\"ReadAction\",\"target\":[\"https:\/\/www.marsupio.it\/it\/prodotto\/skill-x-14\/\"]}]},{\"@type\":\"ImageObject\",\"inLanguage\":\"it-IT\",\"@id\":\"https:\/\/www.marsupio.it\/it\/prodotto\/skill-x-14\/#primaryimage\",\"url\":\"https:\/\/www.marsupio.it\/wp-content\/uploads\/2018\/01\/SKILL-X-14-N-copia.jpg\",\"contentUrl\":\"https:\/\/www.marsupio.it\/wp-content\/uploads\/2018\/01\/SKILL-X-14-N-copia.jpg\",\"width\":1080,\"height\":1080},{\"@type\":\"BreadcrumbList\",\"@id\":\"https:\/\/www.marsupio.it\/it\/prodotto\/skill-x-14\/#breadcrumb\",\"itemListElement\":[{\"@type\":\"ListItem\",\"position\":1,\"name\":\"Home\",\"item\":\"https:\/\/www.marsupio.it\/it\/\"},{\"@type\":\"ListItem\",\"position\":2,\"name\":\"prodotti\",\"item\":\"https:\/\/www.marsupio.it\/it\/shop\/\"},{\"@type\":\"ListItem\",\"position\":3,\"name\":\"Skill X 14\"}]},{\"@type\":\"WebSite\",\"@id\":\"https:\/\/www.marsupio.it\/en\/#website\",\"url\":\"https:\/\/www.marsupio.it\/en\/\",\"name\":\"Marsupio\",\"description\":\"\",\"publisher\":{\"@id\":\"https:\/\/www.marsupio.it\/en\/#organization\"},\"potentialAction\":[{\"@type\":\"SearchAction\",\"target\":{\"@type\":\"EntryPoint\",\"urlTemplate\":\"https:\/\/www.marsupio.it\/en\/?s={search_term_string}\"},\"query-input\":{\"@type\":\"PropertyValueSpecification\",\"valueRequired\":true,\"valueName\":\"search_term_string\"}}],\"inLanguage\":\"it-IT\"},{\"@type\":\"Organization\",\"@id\":\"https:\/\/www.marsupio.it\/en\/#organization\",\"name\":\"Marsupio\",\"url\":\"https:\/\/www.marsupio.it\/en\/\",\"logo\":{\"@type\":\"ImageObject\",\"inLanguage\":\"it-IT\",\"@id\":\"https:\/\/www.marsupio.it\/en\/#\/schema\/logo\/image\/\",\"url\":\"https:\/\/www.marsupio.it\/wp-content\/uploads\/2022\/09\/Marsupio2-1.png\",\"contentUrl\":\"https:\/\/www.marsupio.it\/wp-content\/uploads\/2022\/09\/Marsupio2-1.png\",\"width\":475,\"height\":294,\"caption\":\"Marsupio\"},\"image\":{\"@id\":\"https:\/\/www.marsupio.it\/en\/#\/schema\/logo\/image\/\"}}]}<\/script>\n<!-- \/ Yoast SEO plugin. -->","yoast_head_json":{"title":"Skill X 14 - Marsupio","robots":{"index":"index","follow":"follow","max-snippet":"max-snippet:-1","max-image-preview":"max-image-preview:large","max-video-preview":"max-video-preview:-1"},"canonical":"https:\/\/www.marsupio.it\/it\/prodotto\/skill-x-14\/","og_locale":"it_IT","og_type":"article","og_title":"Skill X 14 - Marsupio","og_description":"Una novit\u00e0 per gli amanti della bike e non solo. Skill X 14 \u00e8 compatto e completo di tutti i comfort per godersi a pieno questo sport entusiasmante. Zainetto per bici dotato di dorso imbottito PRO BACK SYSTEM, spallacci traspiranti sagomati e regolabili. Il cinturino pettorale \u00e8 scorrevole e regolabile con fibbia fischietto. La cinghia a vita \u00e8 regolabile con cuscinetti lombari in rete traspirante e tasche capienti. \u00c8 dotato di ampio scomparto principale, tasca interna di primo soccorso con stampa s.o.s., porta chiavi e tasca frontale munita di scomparti interni per l'attrezzatura. \u00c8 provvisto di porta caschetto estraibile dalla taschina sul fondo, che si fissa alle asole superiori. Frontalmente ha una comoda taschina, lateralmente ha un laccio adibito a portare i bastoni ed \u00e8 provvisto di due nastri di compressione laterali e due tasche esterne porta borraccia. \u00c8 compatibile con i sistemi d'idratazione. Equipaggiato di copri zaino inserito nella taschina sul fondo.  Guarda il video qui.","og_url":"https:\/\/www.marsupio.it\/it\/prodotto\/skill-x-14\/","og_site_name":"Marsupio","article_modified_time":"2026-02-05T14:57:15+00:00","og_image":[{"width":1080,"height":1080,"url":"https:\/\/www.marsupio.it\/wp-content\/uploads\/2018\/01\/SKILL-X-14-N-copia.jpg","type":"image\/jpeg"}],"twitter_card":"summary_large_image","twitter_misc":{"Tempo di lettura stimato":"1 minuto"},"schema":{"@context":"https:\/\/schema.org","@graph":[{"@type":"WebPage","@id":"https:\/\/www.marsupio.it\/it\/prodotto\/skill-x-14\/","url":"https:\/\/www.marsupio.it\/it\/prodotto\/skill-x-14\/","name":"Skill X 14 - Marsupio","isPartOf":{"@id":"https:\/\/www.marsupio.it\/en\/#website"},"primaryImageOfPage":{"@id":"https:\/\/www.marsupio.it\/it\/prodotto\/skill-x-14\/#primaryimage"},"image":{"@id":"https:\/\/www.marsupio.it\/it\/prodotto\/skill-x-14\/#primaryimage"},"thumbnailUrl":"https:\/\/www.marsupio.it\/wp-content\/uploads\/2018\/01\/SKILL-X-14-N-copia.jpg","datePublished":"2020-03-09T11:00:58+00:00","dateModified":"2026-02-05T14:57:15+00:00","breadcrumb":{"@id":"https:\/\/www.marsupio.it\/it\/prodotto\/skill-x-14\/#breadcrumb"},"inLanguage":"it-IT","potentialAction":[{"@type":"ReadAction","target":["https:\/\/www.marsupio.it\/it\/prodotto\/skill-x-14\/"]}]},{"@type":"ImageObject","inLanguage":"it-IT","@id":"https:\/\/www.marsupio.it\/it\/prodotto\/skill-x-14\/#primaryimage","url":"https:\/\/www.marsupio.it\/wp-content\/uploads\/2018\/01\/SKILL-X-14-N-copia.jpg","contentUrl":"https:\/\/www.marsupio.it\/wp-content\/uploads\/2018\/01\/SKILL-X-14-N-copia.jpg","width":1080,"height":1080},{"@type":"BreadcrumbList","@id":"https:\/\/www.marsupio.it\/it\/prodotto\/skill-x-14\/#breadcrumb","itemListElement":[{"@type":"ListItem","position":1,"name":"Home","item":"https:\/\/www.marsupio.it\/it\/"},{"@type":"ListItem","position":2,"name":"prodotti","item":"https:\/\/www.marsupio.it\/it\/shop\/"},{"@type":"ListItem","position":3,"name":"Skill X 14"}]},{"@type":"WebSite","@id":"https:\/\/www.marsupio.it\/en\/#website","url":"https:\/\/www.marsupio.it\/en\/","name":"Marsupio","description":"","publisher":{"@id":"https:\/\/www.marsupio.it\/en\/#organization"},"potentialAction":[{"@type":"SearchAction","target":{"@type":"EntryPoint","urlTemplate":"https:\/\/www.marsupio.it\/en\/?s={search_term_string}"},"query-input":{"@type":"PropertyValueSpecification","valueRequired":true,"valueName":"search_term_string"}}],"inLanguage":"it-IT"},{"@type":"Organization","@id":"https:\/\/www.marsupio.it\/en\/#organization","name":"Marsupio","url":"https:\/\/www.marsupio.it\/en\/","logo":{"@type":"ImageObject","inLanguage":"it-IT","@id":"https:\/\/www.marsupio.it\/en\/#\/schema\/logo\/image\/","url":"https:\/\/www.marsupio.it\/wp-content\/uploads\/2022\/09\/Marsupio2-1.png","contentUrl":"https:\/\/www.marsupio.it\/wp-content\/uploads\/2022\/09\/Marsupio2-1.png","width":475,"height":294,"caption":"Marsupio"},"image":{"@id":"https:\/\/www.marsupio.it\/en\/#\/schema\/logo\/image\/"}}]}},"_links":{"self":[{"href":"https:\/\/www.marsupio.it\/it\/wp-json\/wp\/v2\/product\/48316","targetHints":{"allow":["GET"]}}],"collection":[{"href":"https:\/\/www.marsupio.it\/it\/wp-json\/wp\/v2\/product"}],"about":[{"href":"https:\/\/www.marsupio.it\/it\/wp-json\/wp\/v2\/types\/product"}],"wp:featuredmedia":[{"embeddable":true,"href":"https:\/\/www.marsupio.it\/it\/wp-json\/wp\/v2\/media\/49287"}],"wp:attachment":[{"href":"https:\/\/www.marsupio.it\/it\/wp-json\/wp\/v2\/media?parent=48316"}],"wp:term":[{"taxonomy":"product_cat","embeddable":true,"href":"https:\/\/www.marsupio.it\/it\/wp-json\/wp\/v2\/product_cat?post=48316"},{"taxonomy":"product_tag","embeddable":true,"href":"https:\/\/www.marsupio.it\/it\/wp-json\/wp\/v2\/product_tag?post=48316"}],"curies":[{"name":"wp","href":"https:\/\/api.w.org\/{rel}","templated":true}]}}