{"id":35839,"date":"2018-03-21T12:10:35","date_gmt":"2018-03-21T11:10:35","guid":{"rendered":"https:\/\/www.marsupio.it\/?post_type=product&#038;p=35839"},"modified":"2026-04-09T15:19:28","modified_gmt":"2026-04-09T13:19:28","slug":"forest-40-pro","status":"publish","type":"product","link":"https:\/\/www.marsupio.it\/it\/prodotto\/forest-40-pro\/","title":{"rendered":"Forest 40 PRO"},"content":{"rendered":"","protected":false},"excerpt":{"rendered":"<p>Nuovo zaino tecnico per la raccolta funghi realizzato in tessuto Mar-tex Ripstop. \u00c8 a norma di legge, grazie al fondo in rete per il rilascio delle spore, sono inoltre presenti altre due sezioni in rete sulla parte frontale e lateralmente. \u00c8 dotato internamente di struttura rigida removibile, la quale conferisce stabilit\u00e0 allo zaino e preserva l\u2019integrit\u00e0 dei funghi. Gli spallacci sono imbottiti e regolabili, con cinturino pettorale regolabile con fibbia-fischietto. \u00c8 dotato del bastino traspirante distanziato, SYSTEM 418X e di cinghia a vita regolabile. \u00c8 accessoriato di porta bastoni laterale, due tasche laterali, all\u2019interno di una di queste \u00e8 presente un ulteriore scomparto porta tesserino, mentre l\u2019altra tasca \u00e8 alluminata. Ha un\u2019ulteriore tasca sulla cappotta per contenere documenti ed oggetti personali, con stampa interna SOS. E\u2019 provvisto internamente di tracolla regolabile e maniglia di trasporto.<\/p>\n","protected":false},"featured_media":51472,"template":"","meta":{"_acf_changed":false},"product_cat":[2331],"product_tag":[498,493,482,495],"class_list":{"0":"post-35839","1":"product","2":"type-product","3":"status-publish","4":"has-post-thumbnail","6":"product_cat-raccolta-funghi","7":"product_tag-dorso-imbottito-nature","8":"product_tag-mar-tex-ripstop","9":"product_tag-tasche-esterne","10":"product_tag-zaino-funghi","11":"pa_colore-verde","13":"first","14":"instock","15":"taxable","16":"shipping-taxable","17":"purchasable","18":"product-type-simple"},"acf":[],"yoast_head":"<!-- This site is optimized with the Yoast SEO plugin v25.8 - https:\/\/yoast.com\/wordpress\/plugins\/seo\/ -->\n<title>Forest 40 PRO - Marsupio<\/title>\n<meta name=\"robots\" content=\"index, follow, max-snippet:-1, max-image-preview:large, max-video-preview:-1\" \/>\n<link rel=\"canonical\" href=\"https:\/\/www.marsupio.it\/it\/prodotto\/forest-40-pro\/\" \/>\n<meta property=\"og:locale\" content=\"it_IT\" \/>\n<meta property=\"og:type\" content=\"article\" \/>\n<meta property=\"og:title\" content=\"Forest 40 PRO - Marsupio\" \/>\n<meta property=\"og:description\" content=\"Nuovo zaino tecnico per la raccolta funghi realizzato in tessuto Mar-tex Ripstop. \u00c8 a norma di legge, grazie al fondo in rete per il rilascio delle spore, sono inoltre presenti altre due sezioni in rete sulla parte frontale e lateralmente. \u00c8 dotato internamente di struttura rigida removibile, la quale conferisce stabilit\u00e0 allo zaino e preserva l\u2019integrit\u00e0 dei funghi. Gli spallacci sono imbottiti e regolabili, con cinturino pettorale regolabile con fibbia-fischietto. \u00c8 dotato del bastino traspirante distanziato, SYSTEM 418X e di cinghia a vita regolabile. \u00c8 accessoriato di porta bastoni laterale, due tasche laterali, all\u2019interno di una di queste \u00e8 presente un ulteriore scomparto porta tesserino, mentre l\u2019altra tasca \u00e8 alluminata. Ha un\u2019ulteriore tasca sulla cappotta per contenere documenti ed oggetti personali, con stampa interna SOS. E\u2019 provvisto internamente di tracolla regolabile e maniglia di trasporto.\" \/>\n<meta property=\"og:url\" content=\"https:\/\/www.marsupio.it\/it\/prodotto\/forest-40-pro\/\" \/>\n<meta property=\"og:site_name\" content=\"Marsupio\" \/>\n<meta property=\"article:modified_time\" content=\"2026-04-09T13:19:28+00:00\" \/>\n<meta property=\"og:image\" content=\"https:\/\/www.marsupio.it\/wp-content\/uploads\/2018\/03\/FOREST-40-PRO-3.jpg\" \/>\n\t<meta property=\"og:image:width\" content=\"1080\" \/>\n\t<meta property=\"og:image:height\" content=\"1080\" \/>\n\t<meta property=\"og:image:type\" content=\"image\/jpeg\" \/>\n<meta name=\"twitter:card\" content=\"summary_large_image\" \/>\n<meta name=\"twitter:label1\" content=\"Tempo di lettura stimato\" \/>\n\t<meta name=\"twitter:data1\" content=\"1 minuto\" \/>\n<script type=\"application\/ld+json\" class=\"yoast-schema-graph\">{\"@context\":\"https:\/\/schema.org\",\"@graph\":[{\"@type\":\"WebPage\",\"@id\":\"https:\/\/www.marsupio.it\/it\/prodotto\/forest-40-pro\/\",\"url\":\"https:\/\/www.marsupio.it\/it\/prodotto\/forest-40-pro\/\",\"name\":\"Forest 40 PRO - Marsupio\",\"isPartOf\":{\"@id\":\"https:\/\/www.marsupio.it\/en\/#website\"},\"primaryImageOfPage\":{\"@id\":\"https:\/\/www.marsupio.it\/it\/prodotto\/forest-40-pro\/#primaryimage\"},\"image\":{\"@id\":\"https:\/\/www.marsupio.it\/it\/prodotto\/forest-40-pro\/#primaryimage\"},\"thumbnailUrl\":\"https:\/\/www.marsupio.it\/wp-content\/uploads\/2018\/03\/FOREST-40-PRO-3.jpg\",\"datePublished\":\"2018-03-21T11:10:35+00:00\",\"dateModified\":\"2026-04-09T13:19:28+00:00\",\"breadcrumb\":{\"@id\":\"https:\/\/www.marsupio.it\/it\/prodotto\/forest-40-pro\/#breadcrumb\"},\"inLanguage\":\"it-IT\",\"potentialAction\":[{\"@type\":\"ReadAction\",\"target\":[\"https:\/\/www.marsupio.it\/it\/prodotto\/forest-40-pro\/\"]}]},{\"@type\":\"ImageObject\",\"inLanguage\":\"it-IT\",\"@id\":\"https:\/\/www.marsupio.it\/it\/prodotto\/forest-40-pro\/#primaryimage\",\"url\":\"https:\/\/www.marsupio.it\/wp-content\/uploads\/2018\/03\/FOREST-40-PRO-3.jpg\",\"contentUrl\":\"https:\/\/www.marsupio.it\/wp-content\/uploads\/2018\/03\/FOREST-40-PRO-3.jpg\",\"width\":1080,\"height\":1080},{\"@type\":\"BreadcrumbList\",\"@id\":\"https:\/\/www.marsupio.it\/it\/prodotto\/forest-40-pro\/#breadcrumb\",\"itemListElement\":[{\"@type\":\"ListItem\",\"position\":1,\"name\":\"Home\",\"item\":\"https:\/\/www.marsupio.it\/it\/\"},{\"@type\":\"ListItem\",\"position\":2,\"name\":\"prodotti\",\"item\":\"https:\/\/www.marsupio.it\/it\/shop\/\"},{\"@type\":\"ListItem\",\"position\":3,\"name\":\"Forest 40 PRO\"}]},{\"@type\":\"WebSite\",\"@id\":\"https:\/\/www.marsupio.it\/en\/#website\",\"url\":\"https:\/\/www.marsupio.it\/en\/\",\"name\":\"Marsupio\",\"description\":\"\",\"publisher\":{\"@id\":\"https:\/\/www.marsupio.it\/en\/#organization\"},\"potentialAction\":[{\"@type\":\"SearchAction\",\"target\":{\"@type\":\"EntryPoint\",\"urlTemplate\":\"https:\/\/www.marsupio.it\/en\/?s={search_term_string}\"},\"query-input\":{\"@type\":\"PropertyValueSpecification\",\"valueRequired\":true,\"valueName\":\"search_term_string\"}}],\"inLanguage\":\"it-IT\"},{\"@type\":\"Organization\",\"@id\":\"https:\/\/www.marsupio.it\/en\/#organization\",\"name\":\"Marsupio\",\"url\":\"https:\/\/www.marsupio.it\/en\/\",\"logo\":{\"@type\":\"ImageObject\",\"inLanguage\":\"it-IT\",\"@id\":\"https:\/\/www.marsupio.it\/en\/#\/schema\/logo\/image\/\",\"url\":\"https:\/\/www.marsupio.it\/wp-content\/uploads\/2022\/09\/Marsupio2-1.png\",\"contentUrl\":\"https:\/\/www.marsupio.it\/wp-content\/uploads\/2022\/09\/Marsupio2-1.png\",\"width\":475,\"height\":294,\"caption\":\"Marsupio\"},\"image\":{\"@id\":\"https:\/\/www.marsupio.it\/en\/#\/schema\/logo\/image\/\"}}]}<\/script>\n<!-- \/ Yoast SEO plugin. -->","yoast_head_json":{"title":"Forest 40 PRO - Marsupio","robots":{"index":"index","follow":"follow","max-snippet":"max-snippet:-1","max-image-preview":"max-image-preview:large","max-video-preview":"max-video-preview:-1"},"canonical":"https:\/\/www.marsupio.it\/it\/prodotto\/forest-40-pro\/","og_locale":"it_IT","og_type":"article","og_title":"Forest 40 PRO - Marsupio","og_description":"Nuovo zaino tecnico per la raccolta funghi realizzato in tessuto Mar-tex Ripstop. \u00c8 a norma di legge, grazie al fondo in rete per il rilascio delle spore, sono inoltre presenti altre due sezioni in rete sulla parte frontale e lateralmente. \u00c8 dotato internamente di struttura rigida removibile, la quale conferisce stabilit\u00e0 allo zaino e preserva l\u2019integrit\u00e0 dei funghi. Gli spallacci sono imbottiti e regolabili, con cinturino pettorale regolabile con fibbia-fischietto. \u00c8 dotato del bastino traspirante distanziato, SYSTEM 418X e di cinghia a vita regolabile. \u00c8 accessoriato di porta bastoni laterale, due tasche laterali, all\u2019interno di una di queste \u00e8 presente un ulteriore scomparto porta tesserino, mentre l\u2019altra tasca \u00e8 alluminata. Ha un\u2019ulteriore tasca sulla cappotta per contenere documenti ed oggetti personali, con stampa interna SOS. E\u2019 provvisto internamente di tracolla regolabile e maniglia di trasporto.","og_url":"https:\/\/www.marsupio.it\/it\/prodotto\/forest-40-pro\/","og_site_name":"Marsupio","article_modified_time":"2026-04-09T13:19:28+00:00","og_image":[{"width":1080,"height":1080,"url":"https:\/\/www.marsupio.it\/wp-content\/uploads\/2018\/03\/FOREST-40-PRO-3.jpg","type":"image\/jpeg"}],"twitter_card":"summary_large_image","twitter_misc":{"Tempo di lettura stimato":"1 minuto"},"schema":{"@context":"https:\/\/schema.org","@graph":[{"@type":"WebPage","@id":"https:\/\/www.marsupio.it\/it\/prodotto\/forest-40-pro\/","url":"https:\/\/www.marsupio.it\/it\/prodotto\/forest-40-pro\/","name":"Forest 40 PRO - Marsupio","isPartOf":{"@id":"https:\/\/www.marsupio.it\/en\/#website"},"primaryImageOfPage":{"@id":"https:\/\/www.marsupio.it\/it\/prodotto\/forest-40-pro\/#primaryimage"},"image":{"@id":"https:\/\/www.marsupio.it\/it\/prodotto\/forest-40-pro\/#primaryimage"},"thumbnailUrl":"https:\/\/www.marsupio.it\/wp-content\/uploads\/2018\/03\/FOREST-40-PRO-3.jpg","datePublished":"2018-03-21T11:10:35+00:00","dateModified":"2026-04-09T13:19:28+00:00","breadcrumb":{"@id":"https:\/\/www.marsupio.it\/it\/prodotto\/forest-40-pro\/#breadcrumb"},"inLanguage":"it-IT","potentialAction":[{"@type":"ReadAction","target":["https:\/\/www.marsupio.it\/it\/prodotto\/forest-40-pro\/"]}]},{"@type":"ImageObject","inLanguage":"it-IT","@id":"https:\/\/www.marsupio.it\/it\/prodotto\/forest-40-pro\/#primaryimage","url":"https:\/\/www.marsupio.it\/wp-content\/uploads\/2018\/03\/FOREST-40-PRO-3.jpg","contentUrl":"https:\/\/www.marsupio.it\/wp-content\/uploads\/2018\/03\/FOREST-40-PRO-3.jpg","width":1080,"height":1080},{"@type":"BreadcrumbList","@id":"https:\/\/www.marsupio.it\/it\/prodotto\/forest-40-pro\/#breadcrumb","itemListElement":[{"@type":"ListItem","position":1,"name":"Home","item":"https:\/\/www.marsupio.it\/it\/"},{"@type":"ListItem","position":2,"name":"prodotti","item":"https:\/\/www.marsupio.it\/it\/shop\/"},{"@type":"ListItem","position":3,"name":"Forest 40 PRO"}]},{"@type":"WebSite","@id":"https:\/\/www.marsupio.it\/en\/#website","url":"https:\/\/www.marsupio.it\/en\/","name":"Marsupio","description":"","publisher":{"@id":"https:\/\/www.marsupio.it\/en\/#organization"},"potentialAction":[{"@type":"SearchAction","target":{"@type":"EntryPoint","urlTemplate":"https:\/\/www.marsupio.it\/en\/?s={search_term_string}"},"query-input":{"@type":"PropertyValueSpecification","valueRequired":true,"valueName":"search_term_string"}}],"inLanguage":"it-IT"},{"@type":"Organization","@id":"https:\/\/www.marsupio.it\/en\/#organization","name":"Marsupio","url":"https:\/\/www.marsupio.it\/en\/","logo":{"@type":"ImageObject","inLanguage":"it-IT","@id":"https:\/\/www.marsupio.it\/en\/#\/schema\/logo\/image\/","url":"https:\/\/www.marsupio.it\/wp-content\/uploads\/2022\/09\/Marsupio2-1.png","contentUrl":"https:\/\/www.marsupio.it\/wp-content\/uploads\/2022\/09\/Marsupio2-1.png","width":475,"height":294,"caption":"Marsupio"},"image":{"@id":"https:\/\/www.marsupio.it\/en\/#\/schema\/logo\/image\/"}}]}},"_links":{"self":[{"href":"https:\/\/www.marsupio.it\/it\/wp-json\/wp\/v2\/product\/35839","targetHints":{"allow":["GET"]}}],"collection":[{"href":"https:\/\/www.marsupio.it\/it\/wp-json\/wp\/v2\/product"}],"about":[{"href":"https:\/\/www.marsupio.it\/it\/wp-json\/wp\/v2\/types\/product"}],"wp:featuredmedia":[{"embeddable":true,"href":"https:\/\/www.marsupio.it\/it\/wp-json\/wp\/v2\/media\/51472"}],"wp:attachment":[{"href":"https:\/\/www.marsupio.it\/it\/wp-json\/wp\/v2\/media?parent=35839"}],"wp:term":[{"taxonomy":"product_cat","embeddable":true,"href":"https:\/\/www.marsupio.it\/it\/wp-json\/wp\/v2\/product_cat?post=35839"},{"taxonomy":"product_tag","embeddable":true,"href":"https:\/\/www.marsupio.it\/it\/wp-json\/wp\/v2\/product_tag?post=35839"}],"curies":[{"name":"wp","href":"https:\/\/api.w.org\/{rel}","templated":true}]}}