{"id":25772,"date":"2018-03-21T11:49:22","date_gmt":"2018-03-21T10:49:22","guid":{"rendered":"https:\/\/www.marsupio.it\/?post_type=product&#038;p=25772"},"modified":"2025-09-08T16:48:29","modified_gmt":"2025-09-08T14:48:29","slug":"forest-50-pro","status":"publish","type":"product","link":"https:\/\/www.marsupio.it\/it\/prodotto\/forest-50-pro\/","title":{"rendered":"Forest 50 PRO"},"content":{"rendered":"","protected":false},"excerpt":{"rendered":"<p>Zaino tecnico per la raccolta funghi a norma di legge grazie al suo fondo in rete per il rilascio delle spore.<br \/>\n\u00c8 stato rinnovato rispetto al modello precedente, infatti il bastino, con il nuovo sistema BREATH T300 BACK SYSTEM, ha un cuscinetto imbottito sul fondo che lo rende estremamente confortevole ed evita il contatto con la struttura metallica di sostegno. \u00c8 stata inoltre modificata una tasca laterale, aggiungendo al suo interno l&#8217;imbottitura alluminata, perfetta per trasportare vivande.<br \/>\nGli spallacci e la cinghia a vita sono regolabili e il cinturino pettorale \u00e8 dotato di fibbia-fischietto. La struttura di sostegno in metallo, posizionata sul fondo, conferisce una maggiore stabilit\u00e0 allo zaino ed \u00e8 facilmente riposizionabile seguendo il disegno riportato nelle foto. All\u2019interno vi \u00e8 un comodo divisorio in rete che \u00e8 posizionato a met\u00e0 zaino e si pu\u00f2 alzare o abbassare in base alla necessit\u00e0, \u00e8 completamente rimovibile e serve ad alleggerire il peso dei funghi come a differenziarne le diverse qualit\u00e0, posizionando i pesanti sotto e quelli pi\u00f9 leggeri sopra, preservandone la freschezza. Internamente \u00e8 fissata una comoda tracolla regolabile e una maniglia per il trasporto.<br \/>\nDotato di tasca frontale porta oggetti e tesserino, tasconi laterali e tasca sul cappuccio con stampa interna SOS. Utilizzabile anche come zaino da montagna togliendo la struttura rigida di metallo e chiudendo la patta estraibile sul fondo.<\/p>\n","protected":false},"featured_media":53737,"template":"","meta":{"_acf_changed":false},"product_cat":[2331],"product_tag":[498,493,482,495],"class_list":{"0":"post-25772","1":"product","2":"type-product","3":"status-publish","4":"has-post-thumbnail","6":"product_cat-raccolta-funghi","7":"product_tag-dorso-imbottito-nature","8":"product_tag-mar-tex-ripstop","9":"product_tag-tasche-esterne","10":"product_tag-zaino-funghi","11":"pa_colore-verde","13":"first","14":"instock","15":"taxable","16":"shipping-taxable","17":"purchasable","18":"product-type-simple"},"acf":[],"yoast_head":"<!-- This site is optimized with the Yoast SEO plugin v25.8 - https:\/\/yoast.com\/wordpress\/plugins\/seo\/ -->\n<title>Forest 50 PRO - Marsupio<\/title>\n<meta name=\"robots\" content=\"index, follow, max-snippet:-1, max-image-preview:large, max-video-preview:-1\" \/>\n<link rel=\"canonical\" href=\"https:\/\/www.marsupio.it\/it\/prodotto\/forest-50-pro\/\" \/>\n<meta property=\"og:locale\" content=\"it_IT\" \/>\n<meta property=\"og:type\" content=\"article\" \/>\n<meta property=\"og:title\" content=\"Forest 50 PRO - Marsupio\" \/>\n<meta property=\"og:description\" content=\"Zaino tecnico per la raccolta funghi a norma di legge grazie al suo fondo in rete per il rilascio delle spore. \u00c8 stato rinnovato rispetto al modello precedente, infatti il bastino, con il nuovo sistema BREATH T300 BACK SYSTEM, ha un cuscinetto imbottito sul fondo che lo rende estremamente confortevole ed evita il contatto con la struttura metallica di sostegno. \u00c8 stata inoltre modificata una tasca laterale, aggiungendo al suo interno l&#039;imbottitura alluminata, perfetta per trasportare vivande. Gli spallacci e la cinghia a vita sono regolabili e il cinturino pettorale \u00e8 dotato di fibbia-fischietto. La struttura di sostegno in metallo, posizionata sul fondo, conferisce una maggiore stabilit\u00e0 allo zaino ed \u00e8 facilmente riposizionabile seguendo il disegno riportato nelle foto. All\u2019interno vi \u00e8 un comodo divisorio in rete che \u00e8 posizionato a met\u00e0 zaino e si pu\u00f2 alzare o abbassare in base alla necessit\u00e0, \u00e8 completamente rimovibile e serve ad alleggerire il peso dei funghi come a differenziarne le diverse qualit\u00e0, posizionando i pesanti sotto e quelli pi\u00f9 leggeri sopra, preservandone la freschezza. Internamente \u00e8 fissata una comoda tracolla regolabile e una maniglia per il trasporto. Dotato di tasca frontale porta oggetti e tesserino, tasconi laterali e tasca sul cappuccio con stampa interna SOS. Utilizzabile anche come zaino da montagna togliendo la struttura rigida di metallo e chiudendo la patta estraibile sul fondo.\" \/>\n<meta property=\"og:url\" content=\"https:\/\/www.marsupio.it\/it\/prodotto\/forest-50-pro\/\" \/>\n<meta property=\"og:site_name\" content=\"Marsupio\" \/>\n<meta property=\"article:modified_time\" content=\"2025-09-08T14:48:29+00:00\" \/>\n<meta property=\"og:image\" content=\"https:\/\/www.marsupio.it\/wp-content\/uploads\/2018\/03\/FOREST-50-PRO-copia.jpg\" \/>\n\t<meta property=\"og:image:width\" content=\"1080\" \/>\n\t<meta property=\"og:image:height\" content=\"1080\" \/>\n\t<meta property=\"og:image:type\" content=\"image\/jpeg\" \/>\n<meta name=\"twitter:card\" content=\"summary_large_image\" \/>\n<meta name=\"twitter:label1\" content=\"Tempo di lettura stimato\" \/>\n\t<meta name=\"twitter:data1\" content=\"1 minuto\" \/>\n<script type=\"application\/ld+json\" class=\"yoast-schema-graph\">{\"@context\":\"https:\/\/schema.org\",\"@graph\":[{\"@type\":\"WebPage\",\"@id\":\"https:\/\/www.marsupio.it\/it\/prodotto\/forest-50-pro\/\",\"url\":\"https:\/\/www.marsupio.it\/it\/prodotto\/forest-50-pro\/\",\"name\":\"Forest 50 PRO - Marsupio\",\"isPartOf\":{\"@id\":\"https:\/\/www.marsupio.it\/en\/#website\"},\"primaryImageOfPage\":{\"@id\":\"https:\/\/www.marsupio.it\/it\/prodotto\/forest-50-pro\/#primaryimage\"},\"image\":{\"@id\":\"https:\/\/www.marsupio.it\/it\/prodotto\/forest-50-pro\/#primaryimage\"},\"thumbnailUrl\":\"https:\/\/www.marsupio.it\/wp-content\/uploads\/2018\/03\/FOREST-50-PRO-copia.jpg\",\"datePublished\":\"2018-03-21T10:49:22+00:00\",\"dateModified\":\"2025-09-08T14:48:29+00:00\",\"breadcrumb\":{\"@id\":\"https:\/\/www.marsupio.it\/it\/prodotto\/forest-50-pro\/#breadcrumb\"},\"inLanguage\":\"it-IT\",\"potentialAction\":[{\"@type\":\"ReadAction\",\"target\":[\"https:\/\/www.marsupio.it\/it\/prodotto\/forest-50-pro\/\"]}]},{\"@type\":\"ImageObject\",\"inLanguage\":\"it-IT\",\"@id\":\"https:\/\/www.marsupio.it\/it\/prodotto\/forest-50-pro\/#primaryimage\",\"url\":\"https:\/\/www.marsupio.it\/wp-content\/uploads\/2018\/03\/FOREST-50-PRO-copia.jpg\",\"contentUrl\":\"https:\/\/www.marsupio.it\/wp-content\/uploads\/2018\/03\/FOREST-50-PRO-copia.jpg\",\"width\":1080,\"height\":1080},{\"@type\":\"BreadcrumbList\",\"@id\":\"https:\/\/www.marsupio.it\/it\/prodotto\/forest-50-pro\/#breadcrumb\",\"itemListElement\":[{\"@type\":\"ListItem\",\"position\":1,\"name\":\"Home\",\"item\":\"https:\/\/www.marsupio.it\/it\/\"},{\"@type\":\"ListItem\",\"position\":2,\"name\":\"prodotti\",\"item\":\"https:\/\/www.marsupio.it\/it\/shop\/\"},{\"@type\":\"ListItem\",\"position\":3,\"name\":\"Forest 50 PRO\"}]},{\"@type\":\"WebSite\",\"@id\":\"https:\/\/www.marsupio.it\/en\/#website\",\"url\":\"https:\/\/www.marsupio.it\/en\/\",\"name\":\"Marsupio\",\"description\":\"\",\"publisher\":{\"@id\":\"https:\/\/www.marsupio.it\/en\/#organization\"},\"potentialAction\":[{\"@type\":\"SearchAction\",\"target\":{\"@type\":\"EntryPoint\",\"urlTemplate\":\"https:\/\/www.marsupio.it\/en\/?s={search_term_string}\"},\"query-input\":{\"@type\":\"PropertyValueSpecification\",\"valueRequired\":true,\"valueName\":\"search_term_string\"}}],\"inLanguage\":\"it-IT\"},{\"@type\":\"Organization\",\"@id\":\"https:\/\/www.marsupio.it\/en\/#organization\",\"name\":\"Marsupio\",\"url\":\"https:\/\/www.marsupio.it\/en\/\",\"logo\":{\"@type\":\"ImageObject\",\"inLanguage\":\"it-IT\",\"@id\":\"https:\/\/www.marsupio.it\/en\/#\/schema\/logo\/image\/\",\"url\":\"https:\/\/www.marsupio.it\/wp-content\/uploads\/2022\/09\/Marsupio2-1.png\",\"contentUrl\":\"https:\/\/www.marsupio.it\/wp-content\/uploads\/2022\/09\/Marsupio2-1.png\",\"width\":475,\"height\":294,\"caption\":\"Marsupio\"},\"image\":{\"@id\":\"https:\/\/www.marsupio.it\/en\/#\/schema\/logo\/image\/\"}}]}<\/script>\n<!-- \/ Yoast SEO plugin. -->","yoast_head_json":{"title":"Forest 50 PRO - Marsupio","robots":{"index":"index","follow":"follow","max-snippet":"max-snippet:-1","max-image-preview":"max-image-preview:large","max-video-preview":"max-video-preview:-1"},"canonical":"https:\/\/www.marsupio.it\/it\/prodotto\/forest-50-pro\/","og_locale":"it_IT","og_type":"article","og_title":"Forest 50 PRO - Marsupio","og_description":"Zaino tecnico per la raccolta funghi a norma di legge grazie al suo fondo in rete per il rilascio delle spore. \u00c8 stato rinnovato rispetto al modello precedente, infatti il bastino, con il nuovo sistema BREATH T300 BACK SYSTEM, ha un cuscinetto imbottito sul fondo che lo rende estremamente confortevole ed evita il contatto con la struttura metallica di sostegno. \u00c8 stata inoltre modificata una tasca laterale, aggiungendo al suo interno l'imbottitura alluminata, perfetta per trasportare vivande. Gli spallacci e la cinghia a vita sono regolabili e il cinturino pettorale \u00e8 dotato di fibbia-fischietto. La struttura di sostegno in metallo, posizionata sul fondo, conferisce una maggiore stabilit\u00e0 allo zaino ed \u00e8 facilmente riposizionabile seguendo il disegno riportato nelle foto. All\u2019interno vi \u00e8 un comodo divisorio in rete che \u00e8 posizionato a met\u00e0 zaino e si pu\u00f2 alzare o abbassare in base alla necessit\u00e0, \u00e8 completamente rimovibile e serve ad alleggerire il peso dei funghi come a differenziarne le diverse qualit\u00e0, posizionando i pesanti sotto e quelli pi\u00f9 leggeri sopra, preservandone la freschezza. Internamente \u00e8 fissata una comoda tracolla regolabile e una maniglia per il trasporto. Dotato di tasca frontale porta oggetti e tesserino, tasconi laterali e tasca sul cappuccio con stampa interna SOS. Utilizzabile anche come zaino da montagna togliendo la struttura rigida di metallo e chiudendo la patta estraibile sul fondo.","og_url":"https:\/\/www.marsupio.it\/it\/prodotto\/forest-50-pro\/","og_site_name":"Marsupio","article_modified_time":"2025-09-08T14:48:29+00:00","og_image":[{"width":1080,"height":1080,"url":"https:\/\/www.marsupio.it\/wp-content\/uploads\/2018\/03\/FOREST-50-PRO-copia.jpg","type":"image\/jpeg"}],"twitter_card":"summary_large_image","twitter_misc":{"Tempo di lettura stimato":"1 minuto"},"schema":{"@context":"https:\/\/schema.org","@graph":[{"@type":"WebPage","@id":"https:\/\/www.marsupio.it\/it\/prodotto\/forest-50-pro\/","url":"https:\/\/www.marsupio.it\/it\/prodotto\/forest-50-pro\/","name":"Forest 50 PRO - Marsupio","isPartOf":{"@id":"https:\/\/www.marsupio.it\/en\/#website"},"primaryImageOfPage":{"@id":"https:\/\/www.marsupio.it\/it\/prodotto\/forest-50-pro\/#primaryimage"},"image":{"@id":"https:\/\/www.marsupio.it\/it\/prodotto\/forest-50-pro\/#primaryimage"},"thumbnailUrl":"https:\/\/www.marsupio.it\/wp-content\/uploads\/2018\/03\/FOREST-50-PRO-copia.jpg","datePublished":"2018-03-21T10:49:22+00:00","dateModified":"2025-09-08T14:48:29+00:00","breadcrumb":{"@id":"https:\/\/www.marsupio.it\/it\/prodotto\/forest-50-pro\/#breadcrumb"},"inLanguage":"it-IT","potentialAction":[{"@type":"ReadAction","target":["https:\/\/www.marsupio.it\/it\/prodotto\/forest-50-pro\/"]}]},{"@type":"ImageObject","inLanguage":"it-IT","@id":"https:\/\/www.marsupio.it\/it\/prodotto\/forest-50-pro\/#primaryimage","url":"https:\/\/www.marsupio.it\/wp-content\/uploads\/2018\/03\/FOREST-50-PRO-copia.jpg","contentUrl":"https:\/\/www.marsupio.it\/wp-content\/uploads\/2018\/03\/FOREST-50-PRO-copia.jpg","width":1080,"height":1080},{"@type":"BreadcrumbList","@id":"https:\/\/www.marsupio.it\/it\/prodotto\/forest-50-pro\/#breadcrumb","itemListElement":[{"@type":"ListItem","position":1,"name":"Home","item":"https:\/\/www.marsupio.it\/it\/"},{"@type":"ListItem","position":2,"name":"prodotti","item":"https:\/\/www.marsupio.it\/it\/shop\/"},{"@type":"ListItem","position":3,"name":"Forest 50 PRO"}]},{"@type":"WebSite","@id":"https:\/\/www.marsupio.it\/en\/#website","url":"https:\/\/www.marsupio.it\/en\/","name":"Marsupio","description":"","publisher":{"@id":"https:\/\/www.marsupio.it\/en\/#organization"},"potentialAction":[{"@type":"SearchAction","target":{"@type":"EntryPoint","urlTemplate":"https:\/\/www.marsupio.it\/en\/?s={search_term_string}"},"query-input":{"@type":"PropertyValueSpecification","valueRequired":true,"valueName":"search_term_string"}}],"inLanguage":"it-IT"},{"@type":"Organization","@id":"https:\/\/www.marsupio.it\/en\/#organization","name":"Marsupio","url":"https:\/\/www.marsupio.it\/en\/","logo":{"@type":"ImageObject","inLanguage":"it-IT","@id":"https:\/\/www.marsupio.it\/en\/#\/schema\/logo\/image\/","url":"https:\/\/www.marsupio.it\/wp-content\/uploads\/2022\/09\/Marsupio2-1.png","contentUrl":"https:\/\/www.marsupio.it\/wp-content\/uploads\/2022\/09\/Marsupio2-1.png","width":475,"height":294,"caption":"Marsupio"},"image":{"@id":"https:\/\/www.marsupio.it\/en\/#\/schema\/logo\/image\/"}}]}},"_links":{"self":[{"href":"https:\/\/www.marsupio.it\/it\/wp-json\/wp\/v2\/product\/25772","targetHints":{"allow":["GET"]}}],"collection":[{"href":"https:\/\/www.marsupio.it\/it\/wp-json\/wp\/v2\/product"}],"about":[{"href":"https:\/\/www.marsupio.it\/it\/wp-json\/wp\/v2\/types\/product"}],"wp:featuredmedia":[{"embeddable":true,"href":"https:\/\/www.marsupio.it\/it\/wp-json\/wp\/v2\/media\/53737"}],"wp:attachment":[{"href":"https:\/\/www.marsupio.it\/it\/wp-json\/wp\/v2\/media?parent=25772"}],"wp:term":[{"taxonomy":"product_cat","embeddable":true,"href":"https:\/\/www.marsupio.it\/it\/wp-json\/wp\/v2\/product_cat?post=25772"},{"taxonomy":"product_tag","embeddable":true,"href":"https:\/\/www.marsupio.it\/it\/wp-json\/wp\/v2\/product_tag?post=25772"}],"curies":[{"name":"wp","href":"https:\/\/api.w.org\/{rel}","templated":true}]}}