{"id":20625,"date":"2018-01-23T11:40:21","date_gmt":"2018-01-23T10:40:21","guid":{"rendered":"https:\/\/www.marsupio.it\/?post_type=product&#038;p=20625"},"modified":"2026-02-05T15:12:12","modified_gmt":"2026-02-05T14:12:12","slug":"big-walk-pro-80","status":"publish","type":"product","link":"https:\/\/www.marsupio.it\/it\/prodotto\/big-walk-pro-80\/","title":{"rendered":"Big Walk Pro 80"},"content":{"rendered":"","protected":false},"excerpt":{"rendered":"<p>Zaino da 80 litri perfetto per gli scout, le escursioni di pi\u00f9 giorni e i viaggi.<br \/>\n\u00c8 dotato di dorso imbottito e regolabile in altezza grazie al bastino RAPID X100 BACK SYSTEM, spallacci ergonomici imbottiti e regolabili e cinturino pettorale con fischietto d\u2019emergenza. La cinghia a vita \u00e8 regolabile ed \u00e8 provvisto di due cuscinetti lombari imbottiti e traspiranti. Sulla cappotta sono presenti elastici rimovibili per il sacco a pelo e il materassino pu\u00f2 essere fissato comodamente alle cinghie sul fondo dello zaino. Il cappuccio \u00e8 regolabile in altezza, \u00e8 provvisto di due tasche, una esterna capiente ed una interna, utile per riporre il kit di primo soccorso (non incluso). Frontalmente \u00e8 dotato di un ampio accesso e di una tasca con cinghie di regolazione e inserti riflettenti, un ulteriore accesso \u00e8 presente sul fondo e vi si accede tramite lo scomparto inferiore, molto capiente. Lo zaino ha due ulteriori tasche laterali a soffietto, due elasticizzate porta borraccia e due lombari comode e spaziose. Per rendere pi\u00f9 compatto lo zaino in caso di necessit\u00e0, \u00e8 provvisto di cinghie di compressione laterali, che possono tornare utili per fissare esternamente oggetti voluminosi o vestiti umidi. Sono presenti 4 ulteriori attacchi funzionali, utili per il fissaggio di kit 3 e kit 4, lateralmente ha asole ed elastici porta bastoni. Compatibile con i sistemi d\u2019idratazione. Copri zaino incluso, inserito nell\u2019apposita tasca sul fondo.<\/p>\n","protected":false},"featured_media":53380,"template":"","meta":{"_acf_changed":false},"product_cat":[177],"product_tag":[342,368,391,215,343,264,344,354,377,263],"class_list":{"0":"post-20625","1":"product","2":"type-product","3":"status-publish","4":"has-post-thumbnail","6":"product_cat-escursionismo","7":"product_tag-accesso-inferiore","8":"product_tag-accesso-interno-con-fibbie","9":"product_tag-bastino-di-carico","10":"product_tag-escursionismo","11":"product_tag-scomparto-separato-sul-fondo","12":"product_tag-sistemi-idratazione","13":"product_tag-tasche-laterali","14":"product_tag-taschina-su-cinghia-a-vita","15":"product_tag-viaggio","16":"product_tag-zaino-capiente","17":"pa_colore-petrolio-blu-2","19":"first","20":"instock","21":"taxable","22":"shipping-taxable","23":"purchasable","24":"product-type-simple"},"acf":[],"yoast_head":"<!-- This site is optimized with the Yoast SEO plugin v25.8 - https:\/\/yoast.com\/wordpress\/plugins\/seo\/ -->\n<title>Big Walk Pro 80 - Marsupio<\/title>\n<meta name=\"robots\" content=\"index, follow, max-snippet:-1, max-image-preview:large, max-video-preview:-1\" \/>\n<link rel=\"canonical\" href=\"https:\/\/www.marsupio.it\/it\/prodotto\/big-walk-pro-80\/\" \/>\n<meta property=\"og:locale\" content=\"it_IT\" \/>\n<meta property=\"og:type\" content=\"article\" \/>\n<meta property=\"og:title\" content=\"Big Walk Pro 80 - Marsupio\" \/>\n<meta property=\"og:description\" content=\"Zaino da 80 litri perfetto per gli scout, le escursioni di pi\u00f9 giorni e i viaggi. \u00c8 dotato di dorso imbottito e regolabile in altezza grazie al bastino RAPID X100 BACK SYSTEM, spallacci ergonomici imbottiti e regolabili e cinturino pettorale con fischietto d\u2019emergenza. La cinghia a vita \u00e8 regolabile ed \u00e8 provvisto di due cuscinetti lombari imbottiti e traspiranti. Sulla cappotta sono presenti elastici rimovibili per il sacco a pelo e il materassino pu\u00f2 essere fissato comodamente alle cinghie sul fondo dello zaino. Il cappuccio \u00e8 regolabile in altezza, \u00e8 provvisto di due tasche, una esterna capiente ed una interna, utile per riporre il kit di primo soccorso (non incluso). Frontalmente \u00e8 dotato di un ampio accesso e di una tasca con cinghie di regolazione e inserti riflettenti, un ulteriore accesso \u00e8 presente sul fondo e vi si accede tramite lo scomparto inferiore, molto capiente. Lo zaino ha due ulteriori tasche laterali a soffietto, due elasticizzate porta borraccia e due lombari comode e spaziose. Per rendere pi\u00f9 compatto lo zaino in caso di necessit\u00e0, \u00e8 provvisto di cinghie di compressione laterali, che possono tornare utili per fissare esternamente oggetti voluminosi o vestiti umidi. Sono presenti 4 ulteriori attacchi funzionali, utili per il fissaggio di kit 3 e kit 4, lateralmente ha asole ed elastici porta bastoni. Compatibile con i sistemi d\u2019idratazione. Copri zaino incluso, inserito nell\u2019apposita tasca sul fondo.\" \/>\n<meta property=\"og:url\" content=\"https:\/\/www.marsupio.it\/it\/prodotto\/big-walk-pro-80\/\" \/>\n<meta property=\"og:site_name\" content=\"Marsupio\" \/>\n<meta property=\"article:modified_time\" content=\"2026-02-05T14:12:12+00:00\" \/>\n<meta property=\"og:image\" content=\"https:\/\/www.marsupio.it\/wp-content\/uploads\/2018\/01\/BIG-WALK-PRO-80-PBL.jpg\" \/>\n\t<meta property=\"og:image:width\" content=\"1080\" \/>\n\t<meta property=\"og:image:height\" content=\"1080\" \/>\n\t<meta property=\"og:image:type\" content=\"image\/jpeg\" \/>\n<meta name=\"twitter:card\" content=\"summary_large_image\" \/>\n<meta name=\"twitter:label1\" content=\"Tempo di lettura stimato\" \/>\n\t<meta name=\"twitter:data1\" content=\"1 minuto\" \/>\n<script type=\"application\/ld+json\" class=\"yoast-schema-graph\">{\"@context\":\"https:\/\/schema.org\",\"@graph\":[{\"@type\":\"WebPage\",\"@id\":\"https:\/\/www.marsupio.it\/it\/prodotto\/big-walk-pro-80\/\",\"url\":\"https:\/\/www.marsupio.it\/it\/prodotto\/big-walk-pro-80\/\",\"name\":\"Big Walk Pro 80 - Marsupio\",\"isPartOf\":{\"@id\":\"https:\/\/www.marsupio.it\/en\/#website\"},\"primaryImageOfPage\":{\"@id\":\"https:\/\/www.marsupio.it\/it\/prodotto\/big-walk-pro-80\/#primaryimage\"},\"image\":{\"@id\":\"https:\/\/www.marsupio.it\/it\/prodotto\/big-walk-pro-80\/#primaryimage\"},\"thumbnailUrl\":\"https:\/\/www.marsupio.it\/wp-content\/uploads\/2018\/01\/BIG-WALK-PRO-80-PBL.jpg\",\"datePublished\":\"2018-01-23T10:40:21+00:00\",\"dateModified\":\"2026-02-05T14:12:12+00:00\",\"breadcrumb\":{\"@id\":\"https:\/\/www.marsupio.it\/it\/prodotto\/big-walk-pro-80\/#breadcrumb\"},\"inLanguage\":\"it-IT\",\"potentialAction\":[{\"@type\":\"ReadAction\",\"target\":[\"https:\/\/www.marsupio.it\/it\/prodotto\/big-walk-pro-80\/\"]}]},{\"@type\":\"ImageObject\",\"inLanguage\":\"it-IT\",\"@id\":\"https:\/\/www.marsupio.it\/it\/prodotto\/big-walk-pro-80\/#primaryimage\",\"url\":\"https:\/\/www.marsupio.it\/wp-content\/uploads\/2018\/01\/BIG-WALK-PRO-80-PBL.jpg\",\"contentUrl\":\"https:\/\/www.marsupio.it\/wp-content\/uploads\/2018\/01\/BIG-WALK-PRO-80-PBL.jpg\",\"width\":1080,\"height\":1080},{\"@type\":\"BreadcrumbList\",\"@id\":\"https:\/\/www.marsupio.it\/it\/prodotto\/big-walk-pro-80\/#breadcrumb\",\"itemListElement\":[{\"@type\":\"ListItem\",\"position\":1,\"name\":\"Home\",\"item\":\"https:\/\/www.marsupio.it\/it\/\"},{\"@type\":\"ListItem\",\"position\":2,\"name\":\"prodotti\",\"item\":\"https:\/\/www.marsupio.it\/it\/shop\/\"},{\"@type\":\"ListItem\",\"position\":3,\"name\":\"Big Walk Pro 80\"}]},{\"@type\":\"WebSite\",\"@id\":\"https:\/\/www.marsupio.it\/en\/#website\",\"url\":\"https:\/\/www.marsupio.it\/en\/\",\"name\":\"Marsupio\",\"description\":\"\",\"publisher\":{\"@id\":\"https:\/\/www.marsupio.it\/en\/#organization\"},\"potentialAction\":[{\"@type\":\"SearchAction\",\"target\":{\"@type\":\"EntryPoint\",\"urlTemplate\":\"https:\/\/www.marsupio.it\/en\/?s={search_term_string}\"},\"query-input\":{\"@type\":\"PropertyValueSpecification\",\"valueRequired\":true,\"valueName\":\"search_term_string\"}}],\"inLanguage\":\"it-IT\"},{\"@type\":\"Organization\",\"@id\":\"https:\/\/www.marsupio.it\/en\/#organization\",\"name\":\"Marsupio\",\"url\":\"https:\/\/www.marsupio.it\/en\/\",\"logo\":{\"@type\":\"ImageObject\",\"inLanguage\":\"it-IT\",\"@id\":\"https:\/\/www.marsupio.it\/en\/#\/schema\/logo\/image\/\",\"url\":\"https:\/\/www.marsupio.it\/wp-content\/uploads\/2022\/09\/Marsupio2-1.png\",\"contentUrl\":\"https:\/\/www.marsupio.it\/wp-content\/uploads\/2022\/09\/Marsupio2-1.png\",\"width\":475,\"height\":294,\"caption\":\"Marsupio\"},\"image\":{\"@id\":\"https:\/\/www.marsupio.it\/en\/#\/schema\/logo\/image\/\"}}]}<\/script>\n<!-- \/ Yoast SEO plugin. -->","yoast_head_json":{"title":"Big Walk Pro 80 - Marsupio","robots":{"index":"index","follow":"follow","max-snippet":"max-snippet:-1","max-image-preview":"max-image-preview:large","max-video-preview":"max-video-preview:-1"},"canonical":"https:\/\/www.marsupio.it\/it\/prodotto\/big-walk-pro-80\/","og_locale":"it_IT","og_type":"article","og_title":"Big Walk Pro 80 - Marsupio","og_description":"Zaino da 80 litri perfetto per gli scout, le escursioni di pi\u00f9 giorni e i viaggi. \u00c8 dotato di dorso imbottito e regolabile in altezza grazie al bastino RAPID X100 BACK SYSTEM, spallacci ergonomici imbottiti e regolabili e cinturino pettorale con fischietto d\u2019emergenza. La cinghia a vita \u00e8 regolabile ed \u00e8 provvisto di due cuscinetti lombari imbottiti e traspiranti. Sulla cappotta sono presenti elastici rimovibili per il sacco a pelo e il materassino pu\u00f2 essere fissato comodamente alle cinghie sul fondo dello zaino. Il cappuccio \u00e8 regolabile in altezza, \u00e8 provvisto di due tasche, una esterna capiente ed una interna, utile per riporre il kit di primo soccorso (non incluso). Frontalmente \u00e8 dotato di un ampio accesso e di una tasca con cinghie di regolazione e inserti riflettenti, un ulteriore accesso \u00e8 presente sul fondo e vi si accede tramite lo scomparto inferiore, molto capiente. Lo zaino ha due ulteriori tasche laterali a soffietto, due elasticizzate porta borraccia e due lombari comode e spaziose. Per rendere pi\u00f9 compatto lo zaino in caso di necessit\u00e0, \u00e8 provvisto di cinghie di compressione laterali, che possono tornare utili per fissare esternamente oggetti voluminosi o vestiti umidi. Sono presenti 4 ulteriori attacchi funzionali, utili per il fissaggio di kit 3 e kit 4, lateralmente ha asole ed elastici porta bastoni. Compatibile con i sistemi d\u2019idratazione. Copri zaino incluso, inserito nell\u2019apposita tasca sul fondo.","og_url":"https:\/\/www.marsupio.it\/it\/prodotto\/big-walk-pro-80\/","og_site_name":"Marsupio","article_modified_time":"2026-02-05T14:12:12+00:00","og_image":[{"width":1080,"height":1080,"url":"https:\/\/www.marsupio.it\/wp-content\/uploads\/2018\/01\/BIG-WALK-PRO-80-PBL.jpg","type":"image\/jpeg"}],"twitter_card":"summary_large_image","twitter_misc":{"Tempo di lettura stimato":"1 minuto"},"schema":{"@context":"https:\/\/schema.org","@graph":[{"@type":"WebPage","@id":"https:\/\/www.marsupio.it\/it\/prodotto\/big-walk-pro-80\/","url":"https:\/\/www.marsupio.it\/it\/prodotto\/big-walk-pro-80\/","name":"Big Walk Pro 80 - Marsupio","isPartOf":{"@id":"https:\/\/www.marsupio.it\/en\/#website"},"primaryImageOfPage":{"@id":"https:\/\/www.marsupio.it\/it\/prodotto\/big-walk-pro-80\/#primaryimage"},"image":{"@id":"https:\/\/www.marsupio.it\/it\/prodotto\/big-walk-pro-80\/#primaryimage"},"thumbnailUrl":"https:\/\/www.marsupio.it\/wp-content\/uploads\/2018\/01\/BIG-WALK-PRO-80-PBL.jpg","datePublished":"2018-01-23T10:40:21+00:00","dateModified":"2026-02-05T14:12:12+00:00","breadcrumb":{"@id":"https:\/\/www.marsupio.it\/it\/prodotto\/big-walk-pro-80\/#breadcrumb"},"inLanguage":"it-IT","potentialAction":[{"@type":"ReadAction","target":["https:\/\/www.marsupio.it\/it\/prodotto\/big-walk-pro-80\/"]}]},{"@type":"ImageObject","inLanguage":"it-IT","@id":"https:\/\/www.marsupio.it\/it\/prodotto\/big-walk-pro-80\/#primaryimage","url":"https:\/\/www.marsupio.it\/wp-content\/uploads\/2018\/01\/BIG-WALK-PRO-80-PBL.jpg","contentUrl":"https:\/\/www.marsupio.it\/wp-content\/uploads\/2018\/01\/BIG-WALK-PRO-80-PBL.jpg","width":1080,"height":1080},{"@type":"BreadcrumbList","@id":"https:\/\/www.marsupio.it\/it\/prodotto\/big-walk-pro-80\/#breadcrumb","itemListElement":[{"@type":"ListItem","position":1,"name":"Home","item":"https:\/\/www.marsupio.it\/it\/"},{"@type":"ListItem","position":2,"name":"prodotti","item":"https:\/\/www.marsupio.it\/it\/shop\/"},{"@type":"ListItem","position":3,"name":"Big Walk Pro 80"}]},{"@type":"WebSite","@id":"https:\/\/www.marsupio.it\/en\/#website","url":"https:\/\/www.marsupio.it\/en\/","name":"Marsupio","description":"","publisher":{"@id":"https:\/\/www.marsupio.it\/en\/#organization"},"potentialAction":[{"@type":"SearchAction","target":{"@type":"EntryPoint","urlTemplate":"https:\/\/www.marsupio.it\/en\/?s={search_term_string}"},"query-input":{"@type":"PropertyValueSpecification","valueRequired":true,"valueName":"search_term_string"}}],"inLanguage":"it-IT"},{"@type":"Organization","@id":"https:\/\/www.marsupio.it\/en\/#organization","name":"Marsupio","url":"https:\/\/www.marsupio.it\/en\/","logo":{"@type":"ImageObject","inLanguage":"it-IT","@id":"https:\/\/www.marsupio.it\/en\/#\/schema\/logo\/image\/","url":"https:\/\/www.marsupio.it\/wp-content\/uploads\/2022\/09\/Marsupio2-1.png","contentUrl":"https:\/\/www.marsupio.it\/wp-content\/uploads\/2022\/09\/Marsupio2-1.png","width":475,"height":294,"caption":"Marsupio"},"image":{"@id":"https:\/\/www.marsupio.it\/en\/#\/schema\/logo\/image\/"}}]}},"_links":{"self":[{"href":"https:\/\/www.marsupio.it\/it\/wp-json\/wp\/v2\/product\/20625","targetHints":{"allow":["GET"]}}],"collection":[{"href":"https:\/\/www.marsupio.it\/it\/wp-json\/wp\/v2\/product"}],"about":[{"href":"https:\/\/www.marsupio.it\/it\/wp-json\/wp\/v2\/types\/product"}],"wp:featuredmedia":[{"embeddable":true,"href":"https:\/\/www.marsupio.it\/it\/wp-json\/wp\/v2\/media\/53380"}],"wp:attachment":[{"href":"https:\/\/www.marsupio.it\/it\/wp-json\/wp\/v2\/media?parent=20625"}],"wp:term":[{"taxonomy":"product_cat","embeddable":true,"href":"https:\/\/www.marsupio.it\/it\/wp-json\/wp\/v2\/product_cat?post=20625"},{"taxonomy":"product_tag","embeddable":true,"href":"https:\/\/www.marsupio.it\/it\/wp-json\/wp\/v2\/product_tag?post=20625"}],"curies":[{"name":"wp","href":"https:\/\/api.w.org\/{rel}","templated":true}]}}