{"id":22299,"date":"2018-03-07T12:22:27","date_gmt":"2018-03-07T11:22:27","guid":{"rendered":"https:\/\/www.marsupio.it\/?page_id=22299"},"modified":"2021-12-01T15:52:18","modified_gmt":"2021-12-01T14:52:18","slug":"area-legale","status":"publish","type":"page","link":"https:\/\/www.marsupio.it\/it\/area-legale\/","title":{"rendered":"Area legale"},"content":{"rendered":"<section class=\"wpb-content-wrapper\"><p>[vc_row][vc_column]<div class=\"dfd-spacer-module\"  data-units=\"px\" data-wide_resolution=\"1280\" data-wide_size=\"80\" data-normal_resolution=\"1024\" data-normal_size=\"80\" data-tablet_resolution=\"800\" data-tablet_size=\"20\" data-mobile_resolution=\"480\" data-mobile_size=\"20\" style=\"height: 80px;\"><\/div>[\/vc_column][\/vc_row][vc_row][vc_column]<div class=\"dfd-heading-shortcode\"><div class=\"dfd-heading-module-wrap  text-center style_01 dfd-heading-6a069b2a17b85 dfd-disable-resposive-headings\" id=\"dfd-heading-6a069b2a17b85\" ><div class=\"inline-block\"><div class=\"dfd-heading-module\"><h5 class=\"widget-title dfd-title \" style=\"\">CONDIZIONI GENERALI DI VENDITA<\/h5><div class=\"dfd-heading-delimiter\"><\/div><\/div><\/div><\/div><script type=\"text\/javascript\">\r\n\t\t\t\t\t\t\t\t\t(function($) {\r\n\t\t\t\t\t\t\t\t\t\t$(\"head\").append(\"<style>.dfd-heading-6a069b2a17b85.dfd-heading-module-wrap .dfd-heading-module .dfd-heading-delimiter {border-bottom-style:solid;border-bottom-width:1px;width:100px;border-bottom-color:#dddddd;}.dfd-heading-6a069b2a17b85.dfd-heading-module-wrap .dfd-heading-module .dfd-heading-delimiter {margin-top:10px;margin-bottom:10px;}<\/style>\");\r\n\t\t\t\t\t\t\t\t\t})(jQuery);\r\n\t\t\t\t\t\t\t\t<\/script><\/div>[vc_column_text css=&#8221;.vc_custom_1638370320606{margin-top: 20px !important;margin-right: 20px !important;margin-left: 20px !important;}&#8221;]<strong>Disposizioni generali<\/strong><\/p>\n<p>Le presenti condizioni sono valide esclusivamente tra la societ\u00e0 MARSUPIO SNC, con sede legale in Via Cal Trevisana, 35 \u2013 31044 \u2013 Montebelluna (TV), REA 209252, P.IVA 02423200266, di seguito denominata &#8220;MARSUPIO&#8221; e qualsiasi persona che effettua acquisti online sul sito internet <a href=\"http:\/\/www.marsupio.it\/\" target=\"_blank\" rel=\"noopener\"><span style=\"color: #e3131a;\">www.marsupio.it<\/span><\/a> di seguito denominata \u201ccliente\u201d. Queste condizioni possono essere oggetto di modifiche e la data di pubblicazione delle stesse sul sito equivale alla data di entrata in vigore.<br \/>\nLe presenti condizioni disciplinano gli acquisti effettuati sul sito <a href=\"http:\/\/www.marsupio.it\/\" target=\"_blank\" rel=\"noopener\"><span style=\"color: #e3131a;\">www.marsupio.it<\/span><\/a>, conformemente alle disposizioni della Parte III, Titolo III, Capo I, del Codice del Consumo, D.lgs. n. 206\/2005, modificato dal D.lgs. n. 21\/2014 e dal D.lgs. 70\/2003 in materia di commercio elettronico.<\/p>\n<p>&nbsp;<\/p>\n<p><strong>ARTICOLO 1 &#8211; Oggetto del contratto<\/strong><\/p>\n<p>Con le presenti condizioni generali di vendita, Marsupio vende e il Cliente acquista a distanza i beni mobili materiali indicati ed offerti in vendita sul sito <a href=\"http:\/\/www.marsupio.it\/\" target=\"_blank\" rel=\"noopener\"><span style=\"color: #e3131a;\">www.marsupio.it<\/span><\/a>. Il contratto si conclude esclusivamente attraverso la rete internet, mediante l&#8217;accesso del Cliente all&#8217;indirizzo <a href=\"http:\/\/www.marsupio.it\/\" target=\"_blank\" rel=\"noopener\"><span style=\"color: #e3131a;\">www.marsupio.it<\/span><\/a> e la realizzazione di un ordine di acquisto secondo la procedura prevista dal sito stesso.<\/p>\n<p>&nbsp;<\/p>\n<p><strong>ARTICOLO 2 &#8211; Conclusione ed efficacia del contratto<\/strong><\/p>\n<p>1. La vendita sar\u00e0 considerata conclusa con l&#8217;invio da parte di Marsupio al Cliente di un&#8217;e-mail di conferma dell&#8217;ordine. L&#8217;e-mail contiene gli estremi del Cliente e dell&#8217;ordine, il prezzo della merce acquistata, le spese di trasporto e l&#8217;indirizzo di spedizione al quale sar\u00e0 inviata la merce. Il Cliente si impegna a verificare la correttezza dei dati in essa contenuti ed a comunicare tempestivamente eventuali correzioni.<\/p>\n<p>2. Marsupio si impegna a descrivere e presentare gli articoli venduti sul sito nel miglior modo possibile. Ci\u00f2 nonostante potrebbero evidenziarsi alcuni errori, imprecisioni o piccole differenze tra il sito e il prodotto reale. Inoltre le fotografie dei prodotti presentate su <a href=\"http:\/\/www.marsupio.it\/\" target=\"_blank\" rel=\"noopener\"><span style=\"color: #e3131a;\">www.marsupio.it<\/span><\/a> non costituiscono elemento contrattuale, in quanto solo rappresentative.<\/p>\n<p>3. Marsupio si impegna a consegnare la merce entro massimo 14 giorni decorrenti dal giorno successivo a quello della conferma d&#8217;ordine da parte del Cliente.<\/p>\n<p>&nbsp;<\/p>\n<p><strong>ARTICOLO 3 &#8211; Disponibilit\u00e0 dei prodotti<\/strong><\/p>\n<p>1. La disponibilit\u00e0 dei prodotti si riferisce a quella presente nel momento in cui il Cliente consulta le schede del prodotto; questa deve comunque essere considerata puramente indicativa perch\u00e9, per effetto della contemporanea presenza sul sito di pi\u00f9 utenti, i prodotti potrebbero essere venduti ad altri prima della conferma dell&#8217;ordine.<\/p>\n<p>2. Anche in seguito all&#8217;invio dell&#8217;e-mail di conferma dell&#8217;ordine da parte di Marsupio, potrebbero verificarsi casi di indisponibilit\u00e0 parziale o totale della merce. In questa eventualit\u00e0, il Cliente verr\u00e0 tempestivamente informato e potr\u00e0 decidere se accettare la consegna dei soli prodotti disponibili o richiedere l&#8217;annullamento dell&#8217;ordine comunicandolo via e-mail all&#8217;assistenza clienti.<\/p>\n<p>&nbsp;<\/p>\n<p><strong>ARTICOLO 4 &#8211; Modalit\u00e0 di pagamento<\/strong><\/p>\n<p>1. Ogni pagamento da parte del Cliente potr\u00e0 avvenire unicamente per mezzo delle carte di credito indicate sul sito <a href=\"http:\/\/www.marsupio.it\/\" target=\"_blank\" rel=\"noopener\"><span style=\"color: #e3131a;\">www.marsupio.it<\/span><\/a>, con circuito Paypal, con bonifico bancario, e in contrassegno al corriere in contanti (esclusivamente per le consegne sul territorio italiano).<\/p>\n<p>In caso di pagamento con carta di credito l&#8217;importo dovuto per l&#8217;acquisto sar\u00e0 detratto dal credito disponibile al Cliente nel momento in cui l&#8217;ordine viene confermato da Marsupio e sar\u00e0 successivamente addebitato quando l&#8217;ordine viene spedito. Si fa presente che durante la procedura di pagamento tramite Visa e Mastercard, la banca competente potr\u00e0 richiedere un PIN (3D secure) o una password al momento del pagamento. Se PIN o password non sono noti al Cliente, si consiglia a quest\u2019ultimo di rivolgersi alla propria banca.<br \/>\nPer i pagamenti effettuati a mezzo carta di credito, paypal o bonifico se l&#8217;indisponibilit\u00e0 di un prodotto viene rilevata dopo la registrazione dell&#8217;ordine e il pagamento, Marsupio intraprender\u00e0 le misure necessarie con l&#8217;operatore dei pagamenti per stornare la transazione relativa alla merce non disponibile entro 14 giorni.<\/p>\n<p>2. Le comunicazioni relative al pagamento e i dati comunicati dal Cliente nel momento in cui questo viene effettuato avvengono su apposite linee protette e con tutte le garanzie assicurate dall&#8217;utilizzo dei protocolli di sicurezza previsti dai circuiti di pagamento.<\/p>\n<p>&nbsp;<\/p>\n<p><strong>ARTICOLO 5 &#8211; Prezzi<\/strong><\/p>\n<p>1. Tutti i prezzi di vendita dei prodotti esposti ed indicati sul sito <a href=\"http:\/\/www.marsupio.it\/\" target=\"_blank\" rel=\"noopener\"><span style=\"color: #e3131a;\">www.marsupio.it<\/span><\/a> sono espressi in Euro e sono comprensivi di IVA.<\/p>\n<p>2. I costi di spedizione non sono compresi nel prezzo d&#8217;acquisto, ma sono indicati e calcolati al momento della conclusione del processo di acquisto prima dell&#8217;effettuazione del pagamento.<\/p>\n<p>3. Il Cliente accetta la facolt\u00e0 di Marsupio di modificare i suoi prezzi in qualsiasi momento, tuttavia la merce sar\u00e0 fatturata sulla base dei prezzi indicati sul sito al momento dell&#8217;ordine e confermati nell&#8217;e-mail inviata da Marsupio come conferma dell&#8217;acquisizione dell&#8217;ordine.<br \/>\nIn caso di errore informatico, manuale, tecnico, o di qualsiasi altra natura che possa comportare un cambiamento sostanziale, non previsto da Marsupio, del prezzo di vendita al pubblico, che lo renda esorbitante o chiaramente irrisorio, l&#8217;ordine d&#8217;acquisto sar\u00e0 considerato non valido e annullato e l&#8217;importo versato dal Cliente sar\u00e0 rimborsato entro 14 gg. dal giorno dell&#8217;annullamento.<\/p>\n<p>&nbsp;<\/p>\n<p><strong>ARTICOLO 6 &#8211; Diritto di recesso<\/strong><\/p>\n<p>1. Conformemente alle disposizioni legali in vigore, il Cliente ha diritto di recedere dall&#8217;acquisto senza alcuna penalit\u00e0 e senza specificarne il motivo, entro un termine di 14 giorni lavorativi a decorrere dalla data di consegna dei prodotti.<\/p>\n<p>2. Se il Cliente dovesse decidere di esercitare questo diritto, dovr\u00e0 procedere alla CREAZIONE di una procedura di RESO. La merce dovr\u00e0 essere rispedita a MARSUPIO SNC &#8211; Via Cal Trevisana, 35 &#8211; 31044 Montebelluna (TV). A norma di legge, le spese di spedizione relative alla restituzione del bene sono a carico del Cliente. La merce dovr\u00e0 essere restituita integra, nella confezione originale, completa in tutte le sue parti (compresi imballo ed eventuale documentazione e dotazione accessoria) e completo della documentazione fiscale annessa. Fatta salva la facolt\u00e0 di verificare il rispetto di quanto sopra, Marsupio provveder\u00e0 a rimborsare l&#8217;importo dei prodotti oggetto del recesso nel minor tempo possibile e comunque entro un termine massimo di 14 giorni.<\/p>\n<p>3. In caso di ricezione di prodotti non conformi agli ordini o difettosi, il Cliente dovr\u00e0 comunicarlo, come previsto dall&#8217;art. 132 del codice del consumo, via e-mail all&#8217;assistenza clienti Marsupio entro il termine di 2 mesi dalla scoperta del difetto di conformit\u00e0. Successivamente, il Cliente dovr\u00e0 procedere alla creazione di un reso, specificando se desidera la sostituzione dell&#8217;articolo o se desidera avere il rimborso. Marsupio provveder\u00e0 a contattare il corriere che, compatibilmente con la sua disponibilit\u00e0, ritirer\u00e0 la merce. Marsupio si riserva la facolt\u00e0 di verificare la non conformit\u00e0 contestata ed in caso di conferma provveder\u00e0 alla spedizione della merce sostitutiva o al rimborso.<\/p>\n<p>&nbsp;<\/p>\n<p><strong>ARTICOLO 7 &#8211; Garanzia sui prodotti<\/strong><\/p>\n<p>Tutti i prodotti presentati sul sito <a href=\"http:\/\/www.marsupio.it\/\" target=\"_blank\" rel=\"noopener\"><span style=\"color: #e3131a;\">www.marsupio.it<\/span><\/a> beneficiano di una garanzia contrattuale la cui durata \u00e8 citata sulle schede prodotto degli articoli e in ogni caso della garanzia legale di 24 mesi per difetti di conformit\u00e0, ai sensi della vigente normativa. Per fruire dell&#8217;assistenza in garanzia, il Cliente dovr\u00e0 conservare la fattura.<\/p>\n<p>&nbsp;<\/p>\n<p><strong>ARTICOLO 8 &#8211; Modalit\u00e0 di consegna<\/strong><\/p>\n<p>1. I prodotti saranno consegnati tramite corriere espresso all&#8217;indirizzo indicato dal Cliente al momento dell&#8217;ordine entro 14 gg. dalla data di ricezione da parte del Cliente dell&#8217;e-mail di conferma ordine inviata da Marsupio.<\/p>\n<p>2. Per ogni ordine effettuato sul sito <a href=\"http:\/\/www.marsupio.it\/\" target=\"_blank\" rel=\"noopener\"><span style=\"color: #e3131a;\">www.marsupio.it<\/span><\/a>, Marsupio emette fattura o ricevuta fiscale del materiale spedito. Per l&#8217;emissione della fattura fanno fede le informazioni fornite dal Cliente durante la procedura di acquisto. Dopo l&#8217;emissione della fattura, non sar\u00e0 possibile apportare alcuna modifica ai dati indicati nella stessa.<\/p>\n<p>&nbsp;<\/p>\n<p><strong>ARTICOLO 9 &#8211; Responsabilit\u00e0<\/strong><\/p>\n<p>1. Marsupio non assume alcuna responsabilit\u00e0 per disservizi imputabili a causa di forza maggiore o caso fortuito, anche ove dipendenti da malfunzionamenti e disservizi della rete internet.<\/p>\n<p>2. La disponibilit\u00e0 di ogni articolo \u00e8 solo a titolo indicativo, non ha carattere contrattuale e non potranno essere attribuite al venditore responsabilit\u00e0 in caso d&#8217;indisponibilit\u00e0 di uno o pi\u00f9 prodotti.<\/p>\n<p>&nbsp;<\/p>\n<p><strong>ARTICOLO 10 &#8211; Accesso al sito<\/strong><\/p>\n<p>Il Cliente ha diritto di accedere al sito per la consultazione e l&#8217;effettuazione degli acquisti. Non \u00e8 consentito alcun altro utilizzo, in particolare commerciale, del sito o del suo contenuto. L&#8217;integrit\u00e0 degli elementi di questo sito, che siano sonori o visivi, e la relativa tecnologia utilizzata rimangono di propriet\u00e0 di Marsupio e sono protetti dal diritto di propriet\u00e0 intellettuale.<\/p>\n<p>&nbsp;<\/p>\n<p><strong>ARTICOLO 11 &#8211; Integralit\u00e0<\/strong><\/p>\n<p>Le presenti Condizioni Generali di Vendita sono costituite dalla totalit\u00e0 delle clausole che le compongono. Se una o pi\u00f9 disposizioni delle presenti Condizioni Generali di Vendita \u00e8 considerata non valida o dichiarata tale ai sensi della legge, della regolamentazione o in seguito a una decisione da parte di un tribunale avente giurisdizione, le altre disposizioni continueranno ad avere pieno vigore ed efficacia.<\/p>\n<p>&nbsp;<\/p>\n<p><strong>ARTICOLO 12 &#8211; Diritto applicabile e giurisdizione competente<\/strong><\/p>\n<p>Le presenti Condizioni Generali di Vendita sono sottoposte alla legge italiana. Ogni controversia che non trova soluzione amichevole sar\u00e0 sottoposta alla competenza esclusiva del Tribunale del luogo di residenza o di domicilio del Cliente, se ubicati nel territorio dello Stato.<\/p>\n<p>&nbsp;<\/p>\n<p id=\"promozioni-e-sconti\"><strong>Promozioni e sconti<\/strong><\/p>\n<p>Il Titolare potrebbe offrire sconti o promozioni speciali per l\u2019acquisto dei Prodotti. Tali promozioni o sconti sono sempre soggetti ai requisiti ed a termini e condizioni previste nella relativa sezione di questo Sito Web.<\/p>\n<p>Promozioni e offerte sono sempre concesse a sola discrezione del Titolare.<\/p>\n<p>Promozioni o sconti ripetuti o periodici non costituiscono alcuna pretesa o diritto azionabili dagli Utenti in futuro.<\/p>\n<p>A seconda dei casi, sconti e promozioni valgono per un determinato periodo di tempo o fino ad esaurimento scorte. Salvo ove diversamente specificato, le limitazioni di tempo di promozioni e sconti si intendono riferite al fuso orario della sede del Titolare, come indicata nei recapiti in questo documento.<\/p>\n<p id=\"buoni\"><strong>Buoni<\/strong><\/p>\n<p>Promozioni e sconti possono essere offerti sotto forma di Buoni.<\/p>\n<p>In caso di violazione delle condizioni applicabili ai Buoni, il Titolare pu\u00f2 legittimamente rifiutare di adempiere ai propri obblighi contrattuali e si riserva espressamente il diritto di agire nelle opportune sedi anche giudiziarie al fine di tutelare i propri diritti e interessi.<\/p>\n<p>Eventuali disposizioni aggiuntive o divergenti applicabili all\u2019utilizzo dei Buoni riportate nella relativa pagina informativa o sul Buono stesso prevalgono in ogni caso, a prescindere dalle disposizioni che seguono.<\/p>\n<p>Salvo ove diversamente specificato, le seguenti regole si applicano all\u2019utilizzo dei Buoni:<\/p>\n<ul>\n<li>Ciascun Buono \u00e8 valido solo se utilizzato secondo le modalit\u00e0 e nel periodo di tempo specificati sul sito web e\/o sul Buono;<\/li>\n<li>Il Buono pu\u00f2 essere riscattato solo integralmente al momento dell\u2019acquisto \u2013 non \u00e8 consentito l\u2019utilizzo parziale;<\/li>\n<li>Salvo ove diversamente specificato, i Buoni monouso possono essere riscattati una sola volta per acquisto e possono pertanto essere riscattati una sola volta anche nel caso di acquisti rateizzati;<\/li>\n<li>I Buoni non sono cumulabili;<\/li>\n<li>Il Buono deve essere utilizzato entro il termine di validit\u00e0 specificato. Scaduto il termine, il Buono sar\u00e0 automaticamente annullato. Resta esclusa qualsiasi possibilit\u00e0 di rivendicare diritti, compreso al rimborso del valore del Buono;<\/li>\n<li>L\u2019Utente non ha diritto ad alcun accredito\/rimborso\/compensazione nel caso vi sia differenza tra il valore del Buono e il valore riscattato;<\/li>\n<li>Il Buono \u00e8 da intendersi esclusivamente ad uso non commerciale. La riproduzione, contraffazione e commercializzazione del Buono sono severamente vietate, cos\u00ec come qualsiasi attivit\u00e0 illecita connessa all\u2019acquisto e\/o utilizzo del Buono.<\/li>\n<\/ul>\n<p>&nbsp;<\/p>\n<p id=\"valuta-virtuale-ad-uso-esclusivo-su-this_application\"><strong>Valuta Virtuale ad uso esclusivo su questo Sito Web<\/strong><\/p>\n<p>Su questo Sito Web \u00e8 possible effettuare alcuni pagamenti utilizzando una Valuta Virtuale. Salvo ove diversamente specificato, tale Valuta Virtuale non \u00e8 commerciabile, convertibile o rimborsabile con alcuna valuta tradizionale, valuta digitale, beni o altri valori.<\/p>\n<p>Acquistando la Valuta Virtuale, gli Utenti riconoscono ed accettano che essa potr\u00e0 essere utilizzata solo nel contesto di questo Sito Web per gli scopi espressamenti autorizzati dal Titolare nell\u2019ambito dei suoi Servizi. Gli Utenti inoltre riconoscono ed accettano che tale Valuta Virtuale non potr\u00e0 essere trasferita, acquistata, venduta o scambiata al di fuori del Servizio.<\/p>\n<p>Di conseguenza, gli Utenti non possono concedere in sublicenza, scambiare, vendere o tentare di vendere la Valuta Virtuale in cambio di denaro o scambiare la Valuta Virtuale contro alcuntipo di valore al di fuori dell\u2019apposita offerta del Titolare su questo Sito Web. Qualsiasi attivit\u00e0 o transazione vietata sar\u00e0 considerato nulla ed inefficace e potrebbe comportare azioni legali nei confronti dell\u2019Utente.<\/p>\n<p>In caso di risoluzione del contratto o di chiusura dell\u2019account per qualsiasi causa imputabile all\u2019Utente, l\u2019eventuale residuo di Valuta Virtuale non ancora utilizzata scadr\u00e0 e non sar\u00e0 rimborsata in alcun modo.[\/vc_column_text][\/vc_column][\/vc_row][vc_row][vc_column]<div class=\"dfd-spacer-module\"  data-units=\"px\" data-wide_resolution=\"1280\" data-wide_size=\"100\" data-normal_resolution=\"1024\" data-normal_size=\"100\" data-tablet_resolution=\"800\" data-tablet_size=\"80\" data-mobile_resolution=\"480\" data-mobile_size=\"80\" style=\"height: 100px;\"><\/div>[\/vc_column][\/vc_row]<\/p>\n<\/section>","protected":false},"excerpt":{"rendered":"<p>[vc_row][vc_column][\/vc_column][\/vc_row][vc_row][vc_column][vc_column_text css=&#8221;.vc_custom_1638370320606{margin-top: 20px !important;margin-right: 20px !important;margin-left: 20px !important;}&#8221;]Disposizioni generali Le presenti condizioni sono valide esclusivamente tra la societ\u00e0 MARSUPIO SNC, con sede legale in Via Cal Trevisana, 35 \u2013 31044<\/p>\n","protected":false},"author":182,"featured_media":0,"parent":0,"menu_order":0,"comment_status":"closed","ping_status":"closed","template":"page-custom-with-header.php","meta":{"_acf_changed":false,"footnotes":""},"class_list":["post-22299","page","type-page","status-publish","hentry"],"acf":[],"yoast_head":"<!-- This site is optimized with the Yoast SEO plugin v25.8 - https:\/\/yoast.com\/wordpress\/plugins\/seo\/ -->\n<title>Area legale - Marsupio<\/title>\n<meta name=\"robots\" content=\"index, follow, max-snippet:-1, max-image-preview:large, max-video-preview:-1\" \/>\n<link rel=\"canonical\" href=\"https:\/\/www.marsupio.it\/it\/area-legale\/\" \/>\n<meta property=\"og:locale\" content=\"it_IT\" \/>\n<meta property=\"og:type\" content=\"article\" \/>\n<meta property=\"og:title\" content=\"Area legale - Marsupio\" \/>\n<meta property=\"og:description\" content=\"[vc_row][vc_column][\/vc_column][\/vc_row][vc_row][vc_column][vc_column_text css=&#8221;.vc_custom_1638370320606{margin-top: 20px !important;margin-right: 20px !important;margin-left: 20px !important;}&#8221;]Disposizioni generali Le presenti condizioni sono valide esclusivamente tra la societ\u00e0 MARSUPIO SNC, con sede legale in Via Cal Trevisana, 35 \u2013 31044\" \/>\n<meta property=\"og:url\" content=\"https:\/\/www.marsupio.it\/it\/area-legale\/\" \/>\n<meta property=\"og:site_name\" content=\"Marsupio\" \/>\n<meta property=\"article:modified_time\" content=\"2021-12-01T14:52:18+00:00\" \/>\n<meta name=\"twitter:card\" content=\"summary_large_image\" \/>\n<meta name=\"twitter:label1\" content=\"Tempo di lettura stimato\" \/>\n\t<meta name=\"twitter:data1\" content=\"11 minuti\" \/>\n<script type=\"application\/ld+json\" class=\"yoast-schema-graph\">{\"@context\":\"https:\/\/schema.org\",\"@graph\":[{\"@type\":\"WebPage\",\"@id\":\"https:\/\/www.marsupio.it\/it\/area-legale\/\",\"url\":\"https:\/\/www.marsupio.it\/it\/area-legale\/\",\"name\":\"Area legale - Marsupio\",\"isPartOf\":{\"@id\":\"https:\/\/www.marsupio.it\/en\/#website\"},\"datePublished\":\"2018-03-07T11:22:27+00:00\",\"dateModified\":\"2021-12-01T14:52:18+00:00\",\"breadcrumb\":{\"@id\":\"https:\/\/www.marsupio.it\/it\/area-legale\/#breadcrumb\"},\"inLanguage\":\"it-IT\",\"potentialAction\":[{\"@type\":\"ReadAction\",\"target\":[\"https:\/\/www.marsupio.it\/it\/area-legale\/\"]}]},{\"@type\":\"BreadcrumbList\",\"@id\":\"https:\/\/www.marsupio.it\/it\/area-legale\/#breadcrumb\",\"itemListElement\":[{\"@type\":\"ListItem\",\"position\":1,\"name\":\"Home\",\"item\":\"https:\/\/www.marsupio.it\/it\/\"},{\"@type\":\"ListItem\",\"position\":2,\"name\":\"Area legale\"}]},{\"@type\":\"WebSite\",\"@id\":\"https:\/\/www.marsupio.it\/en\/#website\",\"url\":\"https:\/\/www.marsupio.it\/en\/\",\"name\":\"Marsupio\",\"description\":\"\",\"publisher\":{\"@id\":\"https:\/\/www.marsupio.it\/en\/#organization\"},\"potentialAction\":[{\"@type\":\"SearchAction\",\"target\":{\"@type\":\"EntryPoint\",\"urlTemplate\":\"https:\/\/www.marsupio.it\/en\/?s={search_term_string}\"},\"query-input\":{\"@type\":\"PropertyValueSpecification\",\"valueRequired\":true,\"valueName\":\"search_term_string\"}}],\"inLanguage\":\"it-IT\"},{\"@type\":\"Organization\",\"@id\":\"https:\/\/www.marsupio.it\/en\/#organization\",\"name\":\"Marsupio\",\"url\":\"https:\/\/www.marsupio.it\/en\/\",\"logo\":{\"@type\":\"ImageObject\",\"inLanguage\":\"it-IT\",\"@id\":\"https:\/\/www.marsupio.it\/en\/#\/schema\/logo\/image\/\",\"url\":\"https:\/\/www.marsupio.it\/wp-content\/uploads\/2022\/09\/Marsupio2-1.png\",\"contentUrl\":\"https:\/\/www.marsupio.it\/wp-content\/uploads\/2022\/09\/Marsupio2-1.png\",\"width\":475,\"height\":294,\"caption\":\"Marsupio\"},\"image\":{\"@id\":\"https:\/\/www.marsupio.it\/en\/#\/schema\/logo\/image\/\"}}]}<\/script>\n<!-- \/ Yoast SEO plugin. -->","yoast_head_json":{"title":"Area legale - Marsupio","robots":{"index":"index","follow":"follow","max-snippet":"max-snippet:-1","max-image-preview":"max-image-preview:large","max-video-preview":"max-video-preview:-1"},"canonical":"https:\/\/www.marsupio.it\/it\/area-legale\/","og_locale":"it_IT","og_type":"article","og_title":"Area legale - Marsupio","og_description":"[vc_row][vc_column][\/vc_column][\/vc_row][vc_row][vc_column][vc_column_text css=&#8221;.vc_custom_1638370320606{margin-top: 20px !important;margin-right: 20px !important;margin-left: 20px !important;}&#8221;]Disposizioni generali Le presenti condizioni sono valide esclusivamente tra la societ\u00e0 MARSUPIO SNC, con sede legale in Via Cal Trevisana, 35 \u2013 31044","og_url":"https:\/\/www.marsupio.it\/it\/area-legale\/","og_site_name":"Marsupio","article_modified_time":"2021-12-01T14:52:18+00:00","twitter_card":"summary_large_image","twitter_misc":{"Tempo di lettura stimato":"11 minuti"},"schema":{"@context":"https:\/\/schema.org","@graph":[{"@type":"WebPage","@id":"https:\/\/www.marsupio.it\/it\/area-legale\/","url":"https:\/\/www.marsupio.it\/it\/area-legale\/","name":"Area legale - Marsupio","isPartOf":{"@id":"https:\/\/www.marsupio.it\/en\/#website"},"datePublished":"2018-03-07T11:22:27+00:00","dateModified":"2021-12-01T14:52:18+00:00","breadcrumb":{"@id":"https:\/\/www.marsupio.it\/it\/area-legale\/#breadcrumb"},"inLanguage":"it-IT","potentialAction":[{"@type":"ReadAction","target":["https:\/\/www.marsupio.it\/it\/area-legale\/"]}]},{"@type":"BreadcrumbList","@id":"https:\/\/www.marsupio.it\/it\/area-legale\/#breadcrumb","itemListElement":[{"@type":"ListItem","position":1,"name":"Home","item":"https:\/\/www.marsupio.it\/it\/"},{"@type":"ListItem","position":2,"name":"Area legale"}]},{"@type":"WebSite","@id":"https:\/\/www.marsupio.it\/en\/#website","url":"https:\/\/www.marsupio.it\/en\/","name":"Marsupio","description":"","publisher":{"@id":"https:\/\/www.marsupio.it\/en\/#organization"},"potentialAction":[{"@type":"SearchAction","target":{"@type":"EntryPoint","urlTemplate":"https:\/\/www.marsupio.it\/en\/?s={search_term_string}"},"query-input":{"@type":"PropertyValueSpecification","valueRequired":true,"valueName":"search_term_string"}}],"inLanguage":"it-IT"},{"@type":"Organization","@id":"https:\/\/www.marsupio.it\/en\/#organization","name":"Marsupio","url":"https:\/\/www.marsupio.it\/en\/","logo":{"@type":"ImageObject","inLanguage":"it-IT","@id":"https:\/\/www.marsupio.it\/en\/#\/schema\/logo\/image\/","url":"https:\/\/www.marsupio.it\/wp-content\/uploads\/2022\/09\/Marsupio2-1.png","contentUrl":"https:\/\/www.marsupio.it\/wp-content\/uploads\/2022\/09\/Marsupio2-1.png","width":475,"height":294,"caption":"Marsupio"},"image":{"@id":"https:\/\/www.marsupio.it\/en\/#\/schema\/logo\/image\/"}}]}},"_links":{"self":[{"href":"https:\/\/www.marsupio.it\/it\/wp-json\/wp\/v2\/pages\/22299","targetHints":{"allow":["GET"]}}],"collection":[{"href":"https:\/\/www.marsupio.it\/it\/wp-json\/wp\/v2\/pages"}],"about":[{"href":"https:\/\/www.marsupio.it\/it\/wp-json\/wp\/v2\/types\/page"}],"author":[{"embeddable":true,"href":"https:\/\/www.marsupio.it\/it\/wp-json\/wp\/v2\/users\/182"}],"replies":[{"embeddable":true,"href":"https:\/\/www.marsupio.it\/it\/wp-json\/wp\/v2\/comments?post=22299"}],"version-history":[{"count":12,"href":"https:\/\/www.marsupio.it\/it\/wp-json\/wp\/v2\/pages\/22299\/revisions"}],"predecessor-version":[{"id":37194,"href":"https:\/\/www.marsupio.it\/it\/wp-json\/wp\/v2\/pages\/22299\/revisions\/37194"}],"wp:attachment":[{"href":"https:\/\/www.marsupio.it\/it\/wp-json\/wp\/v2\/media?parent=22299"}],"curies":[{"name":"wp","href":"https:\/\/api.w.org\/{rel}","templated":true}]}}