{"id":22283,"date":"2018-03-07T10:57:34","date_gmt":"2018-03-07T09:57:34","guid":{"rendered":"https:\/\/www.marsupio.it\/?page_id=22283"},"modified":"2024-10-31T17:40:27","modified_gmt":"2024-10-31T16:40:27","slug":"pagamento","status":"publish","type":"page","link":"https:\/\/www.marsupio.it\/it\/pagamento\/","title":{"rendered":"Pagamento"},"content":{"rendered":"<section class=\"wpb-content-wrapper\"><p>[vc_row][vc_column]<div class=\"dfd-spacer-module\"  data-units=\"px\" data-wide_resolution=\"1280\" data-wide_size=\"80\" data-normal_resolution=\"1024\" data-normal_size=\"80\" data-tablet_resolution=\"800\" data-tablet_size=\"20\" data-mobile_resolution=\"480\" data-mobile_size=\"20\" style=\"height: 80px;\"><\/div>[\/vc_column][\/vc_row][vc_row][vc_column]<div class=\"dfd-heading-shortcode\"><div class=\"dfd-heading-module-wrap  text-center style_01 dfd-heading-69fdd4e256c1c dfd-disable-resposive-headings\" id=\"dfd-heading-69fdd4e256c1c\" ><div class=\"inline-block\"><div class=\"dfd-heading-module\"><h5 class=\"widget-title dfd-title \" style=\"\">PAGAMENTO<\/h5><div class=\"dfd-heading-delimiter\"><\/div><\/div><\/div><\/div><script type=\"text\/javascript\">\r\n\t\t\t\t\t\t\t\t\t(function($) {\r\n\t\t\t\t\t\t\t\t\t\t$(\"head\").append(\"<style>.dfd-heading-69fdd4e256c1c.dfd-heading-module-wrap .dfd-heading-module .dfd-heading-delimiter {border-bottom-style:solid;border-bottom-width:1px;width:100px;border-bottom-color:#dddddd;}.dfd-heading-69fdd4e256c1c.dfd-heading-module-wrap .dfd-heading-module .dfd-heading-delimiter {margin-top:10px;margin-bottom:10px;}<\/style>\");\r\n\t\t\t\t\t\t\t\t\t})(jQuery);\r\n\t\t\t\t\t\t\t\t<\/script><\/div>[vc_column_text css=&#8221;.vc_custom_1730392823654{margin-top: 20px !important;margin-right: 20px !important;margin-left: 20px !important;}&#8221;]Puoi scegliere di acquistare on line pagando con:<\/p>\n<ul>\n<li>Carta di credito<\/li>\n<li>Circuito Paypal<\/li>\n<li>Bonifico bancario<\/li>\n<li>Contrassegno al corriere<\/li>\n<li>Scalapay<\/li>\n<\/ul>\n<p>&nbsp;<\/p>\n<p><strong>CARTA DI CREDITO<\/strong><\/p>\n<p>1. Puoi pagare sullo Shop Marsupio usando le carte di credito aderenti ai circuiti VISA, Mastercard, American Express, Diners Club, JCB, Laser Card e Maestro.<br \/>\nIl pagamento avviene su server sicuro , con questo sistema tutti i dati della tua carta di credito passano direttamente alla societ\u00e0 bancaria incaricata dell&#8217;incasso su una connessione criptata e sicura. Nessuno all&#8217;interno di Marsupio o su Internet ha accesso ai dati della carta di credito n\u00e9 al momento dell&#8217;invio n\u00e9 successivamente.<br \/>\nL&#8217;importo viene addebitato sulla tua carta e immediatamente Marsupio processa l&#8217;ordine. Gli ordini pagati con carta di credito sono i pi\u00f9 veloci a essere evasi in quanto la comunicazione a Marsupio dell&#8217;avvenuto pagamento \u00e8 istantanea.<\/p>\n<p>2. Sarai reindirizzato sulla piattaforma di pagamento: inserisci il titolare, il numero, la data di scadenza della carta e il codice di sicurezza che trovi sul retro della carta (ultime 3 cifre per Visa e Mastercard).<\/p>\n<p>3. Clicca su Conferma il pagamento. Se previsto dalla tua carta, si aprir\u00e0 una finestra in cui inserire il tuo 3D Secure Code. (Per maggiori informazioni contatta l&#8217;emittente della tua carta).<\/p>\n<p>&nbsp;<\/p>\n<p><strong>BONIFICO BANCARIO<\/strong><\/p>\n<p>1. Arrivato sullo step Pagamento, seleziona Bonifico e clicca su Concludi l&#8217;ordine.<br \/>\n2. Riceverai una e-mail con la conferma della creazione dell&#8217;ordine dove troverai tutte le informazioni per effettuare il bonifico.<br \/>\n3. Effettua il bonifico bancario intestandolo a MARSUPIO SNC e inserisci come CAUSALE il numero dell&#8217;ordine.<br \/>\n4. Invia la ricevuta via e-mail a <a href=\"mailto:marsupio@marsupio.it\"><span style=\"color: #e3131a;\">marsupio@marsupio.it<\/span><\/a> , specificando numero dell&#8217;ordine, nome e cognome.<br \/>\n5. \u00c8 importante che tu effettui il bonifico e che ce ne invii la ricevuta il prima possibile.<br \/>\n6. Dopo aver effettuato le dovute verifiche, provvederemo a spedire i prodotti che hai ordinato.<\/p>\n<p><strong>Nota<\/strong>: Questo negozio online opera dall&#8217;Unione Europea e tutte le transazioni sono effettuate in Euro (se non diversamente specificato). Se si paga con un&#8217;altra moneta, la conversione di valuta si baser\u00e0 su il tasso di cambio del giorno in cui avviene l&#8217;acquisto. Non vi \u00e8 alcun costo aggiuntivo per la conversione di valuta.<\/p>\n<p>&nbsp;<\/p>\n<p><strong>CONTRASSEGNO<\/strong><\/p>\n<p>Al momento della consegna il pagamento avverr\u00e0 in contanti al corriere. Per questo tipo di pagamento \u00e8 prevista una spesa aggiuntiva di \u20ac 3,00.<\/p>\n<p>&nbsp;<\/p>\n<p><strong>SCALAPAY<\/strong><\/p>\n<p>Se compri con Scalapay <strong>ricevi il tuo ordine subito<\/strong> e <strong>paghi in 3 rate<\/strong>. Prendi atto che le rate verranno cedute a Incremento SPV S.r.l., a soggetti correlati e ai loro cessionari, e che autorizzi tale cessione.<\/p>\n<p>Il servizio \u00e8 disponibile fino ad un\u00a0<strong>importo massimo di 300 euro<\/strong>\u00a0e non ha costi aggiuntivi se le rate verranno pagate entro la data di scadenza.<br \/>\nAl momento dell&#8217;acquisto ti verr\u00e0 immediatamente addebitata la prima rata (pari ad un terzo del valore totale dell&#8217;acquisto). Le successive 2 rate di verranno addebitate con scadenza ogni 4 settimane.<\/p>\n<p>Prima rata: al momento dell&#8217;acquisto<br \/>\nSeconda rata: 4 settimane dal giorno dell&#8217;acquisto<br \/>\nTerza e ultima rata: 8 settimane dal giorno dell&#8217;acquisto<\/p>\n<p>Dopo aver confermato i dati dell\u2019ordine, ti verr\u00e0 chiesto di accedere al conto Scalapay per completare il pagamento. Se non ne possiedi uno, puoi crearlo dalla pagina di login di Scalapay. Prima di concludere l\u2019ordine, dovrai aggiungere una carta di debito o credito sulla quale verranno addebitate automaticamente le 3 rate alla rispettiva data di scadenza come spiegato sopra.<\/p>\n<p>Scalapay \u00e8 completamente gratuito per chi acquista a patto che le rate vengano pagate entro la scadenza prestabilita.<br \/>\nTi verr\u00e0 addebitata una commissione per ritardato pagamento solo nel caso in cui una o piu delle rate pianificate non vengano ripagate correttamente entro la data di scadenza.<br \/>\nScalapay ti informer\u00e0 qualche giorno prima della scadenza di ogni rata via SMS e email. Se non hai effettuato il pagamento prima della data di scadenza prevista e il pagamento automatico non va a buon fine avrai 24 ore di tempo per completare il pagamento. Se ci\u00f3 non avverr\u00e0, Scalapay applicher\u00e0 delle commissioni per ritardato pagamento come spiegato di seguito:<\/p>\n<p>Pagamento effettuato entro la data di scadenza = Nessun costo aggiuntivo!<br \/>\nPagamento effettuato oltre 1 giorno di ritardo = fino a 6 euro di costi aggiuntivi<br \/>\nPagamento effettuato con oltre 1 settimana di ritardo = ulteriori 6 euro di costi aggiuntivi (in aggiunta alla prima commissione, fino ad un massimo di 12 EUR per ogni pagamento)<br \/>\nIl costo totale delle commissioni non potr\u00e0 superare il 10% del\u00a0 valore totale dell&#8217;ordine.<\/p>\n<p>Siamo consapevoli che possono verificarsi alcune circostanze attenuanti che non permettono di effettuare il pagamento entro la data prevista. Se pensi che il tuo caso rientri in queste categorie, invia un\u2019email a info@scalapay.it prima della data di scadenza del pagamento.<\/p>\n<p>Potrai restituire i tuoi ordini secondo le<strong> <a href=\"https:\/\/www.marsupio.it\/it\/politica-reso\/\" target=\"_blank\" rel=\"noopener\">politiche di reso<\/a><\/strong>. Scalapay ricever\u00e0 una notifica nel momento in cui approveremo il tuo reso.<\/p>\n<p>Una volta ricevuta la cancellazione del tuo ordine, Scalapay canceller\u00e0 le tue rate a partire dall\u2019ultima e se necessario ti rimborser\u00e0 le rate gi\u00e0 pagate direttamente sulla tua carta.<\/p>\n<p>\u200dPagare a rate con Scalapay e&#8217; completamente gratuito. Pagherai solo il costo del tuo ordine suddiviso in 3 rate uguali con scadenza ogni 4 settimane.Per esempio se stai comprando uno zaino al costo di 90 euro pagherai 30 euro al momento dell&#8217;acquisto, 30 euro dopo 4 settimane e gli ultimi 30 euro dopo 8 settimane. Funziona come Paypal, ma paghi a rate!<\/p>\n<p>Per ulteriori informazioni visita il sito <strong><a href=\"https:\/\/scalapay.zendesk.com\/hc\/it\/categories\/360002196133-CLIENTI\" target=\"_blank\" rel=\"noopener\">Scalapay<\/a><\/strong>.[\/vc_column_text][\/vc_column][\/vc_row][vc_row][vc_column]<div class=\"dfd-spacer-module\"  data-units=\"px\" data-wide_resolution=\"1280\" data-wide_size=\"100\" data-normal_resolution=\"1024\" data-normal_size=\"100\" data-tablet_resolution=\"800\" data-tablet_size=\"80\" data-mobile_resolution=\"480\" data-mobile_size=\"80\" style=\"height: 100px;\"><\/div>[\/vc_column][\/vc_row]<\/p>\n<\/section>","protected":false},"excerpt":{"rendered":"<p>[vc_row][vc_column][\/vc_column][\/vc_row][vc_row][vc_column][vc_column_text css=&#8221;.vc_custom_1730392823654{margin-top: 20px !important;margin-right: 20px !important;margin-left: 20px !important;}&#8221;]Puoi scegliere di acquistare on line pagando con: Carta di credito Circuito Paypal Bonifico bancario Contrassegno al corriere Scalapay &nbsp; CARTA DI CREDITO<\/p>\n","protected":false},"author":182,"featured_media":0,"parent":0,"menu_order":0,"comment_status":"closed","ping_status":"closed","template":"page-custom-with-header.php","meta":{"_acf_changed":false,"footnotes":""},"class_list":["post-22283","page","type-page","status-publish","hentry"],"acf":[],"yoast_head":"<!-- This site is optimized with the Yoast SEO plugin v25.8 - https:\/\/yoast.com\/wordpress\/plugins\/seo\/ -->\n<title>Pagamento - Marsupio<\/title>\n<meta name=\"robots\" content=\"index, follow, max-snippet:-1, max-image-preview:large, max-video-preview:-1\" \/>\n<link rel=\"canonical\" href=\"https:\/\/www.marsupio.it\/it\/pagamento\/\" \/>\n<meta property=\"og:locale\" content=\"it_IT\" \/>\n<meta property=\"og:type\" content=\"article\" \/>\n<meta property=\"og:title\" content=\"Pagamento - Marsupio\" \/>\n<meta property=\"og:description\" content=\"[vc_row][vc_column][\/vc_column][\/vc_row][vc_row][vc_column][vc_column_text css=&#8221;.vc_custom_1730392823654{margin-top: 20px !important;margin-right: 20px !important;margin-left: 20px !important;}&#8221;]Puoi scegliere di acquistare on line pagando con: Carta di credito Circuito Paypal Bonifico bancario Contrassegno al corriere Scalapay &nbsp; CARTA DI CREDITO\" \/>\n<meta property=\"og:url\" content=\"https:\/\/www.marsupio.it\/it\/pagamento\/\" \/>\n<meta property=\"og:site_name\" content=\"Marsupio\" \/>\n<meta property=\"article:modified_time\" content=\"2024-10-31T16:40:27+00:00\" \/>\n<meta name=\"twitter:card\" content=\"summary_large_image\" \/>\n<meta name=\"twitter:label1\" content=\"Tempo di lettura stimato\" \/>\n\t<meta name=\"twitter:data1\" content=\"5 minuti\" \/>\n<script type=\"application\/ld+json\" class=\"yoast-schema-graph\">{\"@context\":\"https:\/\/schema.org\",\"@graph\":[{\"@type\":\"WebPage\",\"@id\":\"https:\/\/www.marsupio.it\/it\/pagamento\/\",\"url\":\"https:\/\/www.marsupio.it\/it\/pagamento\/\",\"name\":\"Pagamento - Marsupio\",\"isPartOf\":{\"@id\":\"https:\/\/www.marsupio.it\/en\/#website\"},\"datePublished\":\"2018-03-07T09:57:34+00:00\",\"dateModified\":\"2024-10-31T16:40:27+00:00\",\"breadcrumb\":{\"@id\":\"https:\/\/www.marsupio.it\/it\/pagamento\/#breadcrumb\"},\"inLanguage\":\"it-IT\",\"potentialAction\":[{\"@type\":\"ReadAction\",\"target\":[\"https:\/\/www.marsupio.it\/it\/pagamento\/\"]}]},{\"@type\":\"BreadcrumbList\",\"@id\":\"https:\/\/www.marsupio.it\/it\/pagamento\/#breadcrumb\",\"itemListElement\":[{\"@type\":\"ListItem\",\"position\":1,\"name\":\"Home\",\"item\":\"https:\/\/www.marsupio.it\/it\/\"},{\"@type\":\"ListItem\",\"position\":2,\"name\":\"Pagamento\"}]},{\"@type\":\"WebSite\",\"@id\":\"https:\/\/www.marsupio.it\/en\/#website\",\"url\":\"https:\/\/www.marsupio.it\/en\/\",\"name\":\"Marsupio\",\"description\":\"\",\"publisher\":{\"@id\":\"https:\/\/www.marsupio.it\/en\/#organization\"},\"potentialAction\":[{\"@type\":\"SearchAction\",\"target\":{\"@type\":\"EntryPoint\",\"urlTemplate\":\"https:\/\/www.marsupio.it\/en\/?s={search_term_string}\"},\"query-input\":{\"@type\":\"PropertyValueSpecification\",\"valueRequired\":true,\"valueName\":\"search_term_string\"}}],\"inLanguage\":\"it-IT\"},{\"@type\":\"Organization\",\"@id\":\"https:\/\/www.marsupio.it\/en\/#organization\",\"name\":\"Marsupio\",\"url\":\"https:\/\/www.marsupio.it\/en\/\",\"logo\":{\"@type\":\"ImageObject\",\"inLanguage\":\"it-IT\",\"@id\":\"https:\/\/www.marsupio.it\/en\/#\/schema\/logo\/image\/\",\"url\":\"https:\/\/www.marsupio.it\/wp-content\/uploads\/2022\/09\/Marsupio2-1.png\",\"contentUrl\":\"https:\/\/www.marsupio.it\/wp-content\/uploads\/2022\/09\/Marsupio2-1.png\",\"width\":475,\"height\":294,\"caption\":\"Marsupio\"},\"image\":{\"@id\":\"https:\/\/www.marsupio.it\/en\/#\/schema\/logo\/image\/\"}}]}<\/script>\n<!-- \/ Yoast SEO plugin. -->","yoast_head_json":{"title":"Pagamento - Marsupio","robots":{"index":"index","follow":"follow","max-snippet":"max-snippet:-1","max-image-preview":"max-image-preview:large","max-video-preview":"max-video-preview:-1"},"canonical":"https:\/\/www.marsupio.it\/it\/pagamento\/","og_locale":"it_IT","og_type":"article","og_title":"Pagamento - Marsupio","og_description":"[vc_row][vc_column][\/vc_column][\/vc_row][vc_row][vc_column][vc_column_text css=&#8221;.vc_custom_1730392823654{margin-top: 20px !important;margin-right: 20px !important;margin-left: 20px !important;}&#8221;]Puoi scegliere di acquistare on line pagando con: Carta di credito Circuito Paypal Bonifico bancario Contrassegno al corriere Scalapay &nbsp; CARTA DI CREDITO","og_url":"https:\/\/www.marsupio.it\/it\/pagamento\/","og_site_name":"Marsupio","article_modified_time":"2024-10-31T16:40:27+00:00","twitter_card":"summary_large_image","twitter_misc":{"Tempo di lettura stimato":"5 minuti"},"schema":{"@context":"https:\/\/schema.org","@graph":[{"@type":"WebPage","@id":"https:\/\/www.marsupio.it\/it\/pagamento\/","url":"https:\/\/www.marsupio.it\/it\/pagamento\/","name":"Pagamento - Marsupio","isPartOf":{"@id":"https:\/\/www.marsupio.it\/en\/#website"},"datePublished":"2018-03-07T09:57:34+00:00","dateModified":"2024-10-31T16:40:27+00:00","breadcrumb":{"@id":"https:\/\/www.marsupio.it\/it\/pagamento\/#breadcrumb"},"inLanguage":"it-IT","potentialAction":[{"@type":"ReadAction","target":["https:\/\/www.marsupio.it\/it\/pagamento\/"]}]},{"@type":"BreadcrumbList","@id":"https:\/\/www.marsupio.it\/it\/pagamento\/#breadcrumb","itemListElement":[{"@type":"ListItem","position":1,"name":"Home","item":"https:\/\/www.marsupio.it\/it\/"},{"@type":"ListItem","position":2,"name":"Pagamento"}]},{"@type":"WebSite","@id":"https:\/\/www.marsupio.it\/en\/#website","url":"https:\/\/www.marsupio.it\/en\/","name":"Marsupio","description":"","publisher":{"@id":"https:\/\/www.marsupio.it\/en\/#organization"},"potentialAction":[{"@type":"SearchAction","target":{"@type":"EntryPoint","urlTemplate":"https:\/\/www.marsupio.it\/en\/?s={search_term_string}"},"query-input":{"@type":"PropertyValueSpecification","valueRequired":true,"valueName":"search_term_string"}}],"inLanguage":"it-IT"},{"@type":"Organization","@id":"https:\/\/www.marsupio.it\/en\/#organization","name":"Marsupio","url":"https:\/\/www.marsupio.it\/en\/","logo":{"@type":"ImageObject","inLanguage":"it-IT","@id":"https:\/\/www.marsupio.it\/en\/#\/schema\/logo\/image\/","url":"https:\/\/www.marsupio.it\/wp-content\/uploads\/2022\/09\/Marsupio2-1.png","contentUrl":"https:\/\/www.marsupio.it\/wp-content\/uploads\/2022\/09\/Marsupio2-1.png","width":475,"height":294,"caption":"Marsupio"},"image":{"@id":"https:\/\/www.marsupio.it\/en\/#\/schema\/logo\/image\/"}}]}},"_links":{"self":[{"href":"https:\/\/www.marsupio.it\/it\/wp-json\/wp\/v2\/pages\/22283","targetHints":{"allow":["GET"]}}],"collection":[{"href":"https:\/\/www.marsupio.it\/it\/wp-json\/wp\/v2\/pages"}],"about":[{"href":"https:\/\/www.marsupio.it\/it\/wp-json\/wp\/v2\/types\/page"}],"author":[{"embeddable":true,"href":"https:\/\/www.marsupio.it\/it\/wp-json\/wp\/v2\/users\/182"}],"replies":[{"embeddable":true,"href":"https:\/\/www.marsupio.it\/it\/wp-json\/wp\/v2\/comments?post=22283"}],"version-history":[{"count":14,"href":"https:\/\/www.marsupio.it\/it\/wp-json\/wp\/v2\/pages\/22283\/revisions"}],"predecessor-version":[{"id":51842,"href":"https:\/\/www.marsupio.it\/it\/wp-json\/wp\/v2\/pages\/22283\/revisions\/51842"}],"wp:attachment":[{"href":"https:\/\/www.marsupio.it\/it\/wp-json\/wp\/v2\/media?parent=22283"}],"curies":[{"name":"wp","href":"https:\/\/api.w.org\/{rel}","templated":true}]}}