{"id":22250,"date":"2018-03-06T17:34:14","date_gmt":"2018-03-06T16:34:14","guid":{"rendered":"https:\/\/www.marsupio.it\/?page_id=22250"},"modified":"2023-11-03T10:09:26","modified_gmt":"2023-11-03T09:09:26","slug":"spedizioni","status":"publish","type":"page","link":"https:\/\/www.marsupio.it\/it\/spedizioni\/","title":{"rendered":"Spedizioni"},"content":{"rendered":"<section class=\"wpb-content-wrapper\"><p>[vc_row][vc_column]<div class=\"dfd-spacer-module\"  data-units=\"px\" data-wide_resolution=\"1280\" data-wide_size=\"80\" data-normal_resolution=\"1024\" data-normal_size=\"80\" data-tablet_resolution=\"800\" data-tablet_size=\"20\" data-mobile_resolution=\"480\" data-mobile_size=\"20\" style=\"height: 80px;\"><\/div>[\/vc_column][\/vc_row][vc_row][vc_column]<div class=\"dfd-heading-shortcode\"><div class=\"dfd-heading-module-wrap  text-center style_01 dfd-heading-69e064fd509bf dfd-disable-resposive-headings\" id=\"dfd-heading-69e064fd509bf\" ><div class=\"inline-block\"><div class=\"dfd-heading-module\"><h5 class=\"widget-title dfd-title \" style=\"\">SPEDIZIONI<\/h5><div class=\"dfd-heading-delimiter\"><\/div><\/div><\/div><\/div><script type=\"text\/javascript\">\r\n\t\t\t\t\t\t\t\t\t(function($) {\r\n\t\t\t\t\t\t\t\t\t\t$(\"head\").append(\"<style>.dfd-heading-69e064fd509bf.dfd-heading-module-wrap .dfd-heading-module .dfd-heading-delimiter {border-bottom-style:solid;border-bottom-width:1px;width:100px;border-bottom-color:#dddddd;}.dfd-heading-69e064fd509bf.dfd-heading-module-wrap .dfd-heading-module .dfd-heading-delimiter {margin-top:10px;margin-bottom:10px;}<\/style>\");\r\n\t\t\t\t\t\t\t\t\t})(jQuery);\r\n\t\t\t\t\t\t\t\t<\/script><\/div>[vc_column_text css=&#8221;.vc_custom_1699002563288{margin-top: 20px !important;margin-right: 20px !important;margin-left: 20px !important;}&#8221;]Marsupio si affida ai migliori corrieri espressi selezionati a seconda della regione di destinazione e della tipologia di prodotto.<br \/>\nIn fondo alla pagina elenchiamo i paesi in cui Marsupio spedisce. Il costo di invio risulter\u00e0 nel carrello, verr\u00e0 aggiunto al totale dell&#8217;ordine durante il processo di acquisto e ti sar\u00e0 addebitato al momento del pagamento.<\/p>\n<p>&nbsp;<\/p>\n<p><b>ELABORAZIONE DELL&#8217;ORDINE<\/b><br \/>\nGli ordini vengono elaborati dalle 9.00 alle 17.00 GMT dal Luned\u00ec al Venerd\u00ec.<br \/>\nGli ordini effettuati dopo le 17.00 di Venerd\u00ec, saranno elaborati il Luned\u00ec successivo.<\/p>\n<p>&nbsp;<\/p>\n<p><strong>TEMPI DI SPEDIZIONE<\/strong><br \/>\nLe spedizioni in Italia vengono consegnate entro le 24 e le 72 ore dal momento della spedizione (esclusi i giorni festivi).<br \/>\nLe spedizioni verso l&#8217;Unione Europea e fuori l&#8217; Unione Europea, necessitano di circa 4-7 giorni lavorativi. Per eventuali richieste, domande o commenti, si prega di contattare l&#8217;assistenza clienti.<\/p>\n<p>Quando l&#8217;ordine sar\u00e0 evaso, verr\u00e0 inviata una mail con il riferimento del corriere al quale \u00e8 stato affidato il pacco e il numero di tracciamento per seguire lo stato della spedizione.<\/p>\n<p>&nbsp;<\/p>\n<p><strong>TASSE E DAZI DOGANALI INTERNAZIONALI<\/strong><br \/>\n<em>All&#8217;interno dell&#8217;Unione Europea<\/em><br \/>\nNon ci sono costi aggiuntivi o dazi sui prodotti commercializzati in paesi all&#8217;interno dell&#8217;Unione Europea. I clienti non dovranno pagare nulla alla consegna.<\/p>\n<p><em>Al di fuori dell&#8217;Unione Europea<\/em><br \/>\nSpedizioni verso destinazioni al di fuori dell&#8217;Unione Europea possono essere soggette a tasse di importazione o dazi doganali. Tali oneri sono esclusivamente a carico del destinatario, che dovr\u00e0 pagare l&#8217;importo dovuto allo spedizioniere o alle autorit\u00e0 competenti in materia.<\/p>\n<p>&nbsp;<\/p>\n<p><strong>MANCATO SDOGANAMENTO<\/strong><br \/>\nSpetta al cliente, al fine di garantire che il pacco sia sdoganato, fornire tutte le informazioni necessarie e\/o estinguere le relative tasse. Se il pacco non viene sdoganato, sar\u00e0 restituito al nostro magazzino.[\/vc_column_text][\/vc_column][\/vc_row][vc_row][vc_column]<div class=\"dfd-spacer-module\"  data-units=\"px\" data-wide_resolution=\"1280\" data-wide_size=\"100\" data-normal_resolution=\"1024\" data-normal_size=\"100\" data-tablet_resolution=\"800\" data-tablet_size=\"80\" data-mobile_resolution=\"480\" data-mobile_size=\"80\" style=\"height: 100px;\"><\/div>[\/vc_column][\/vc_row]<\/p>\n<\/section>","protected":false},"excerpt":{"rendered":"<p>[vc_row][vc_column][\/vc_column][\/vc_row][vc_row][vc_column][vc_column_text css=&#8221;.vc_custom_1699002563288{margin-top: 20px !important;margin-right: 20px !important;margin-left: 20px !important;}&#8221;]Marsupio si affida ai migliori corrieri espressi selezionati a seconda della regione di destinazione e della tipologia di prodotto. In fondo alla pagina<\/p>\n","protected":false},"author":182,"featured_media":0,"parent":0,"menu_order":0,"comment_status":"closed","ping_status":"closed","template":"page-custom-with-header.php","meta":{"_acf_changed":false,"footnotes":""},"class_list":["post-22250","page","type-page","status-publish","hentry"],"acf":[],"yoast_head":"<!-- This site is optimized with the Yoast SEO plugin v25.8 - https:\/\/yoast.com\/wordpress\/plugins\/seo\/ -->\n<title>Spedizioni - Marsupio<\/title>\n<meta name=\"robots\" content=\"index, follow, max-snippet:-1, max-image-preview:large, max-video-preview:-1\" \/>\n<link rel=\"canonical\" href=\"https:\/\/www.marsupio.it\/it\/spedizioni\/\" \/>\n<meta property=\"og:locale\" content=\"it_IT\" \/>\n<meta property=\"og:type\" content=\"article\" \/>\n<meta property=\"og:title\" content=\"Spedizioni - Marsupio\" \/>\n<meta property=\"og:description\" content=\"[vc_row][vc_column][\/vc_column][\/vc_row][vc_row][vc_column][vc_column_text css=&#8221;.vc_custom_1699002563288{margin-top: 20px !important;margin-right: 20px !important;margin-left: 20px !important;}&#8221;]Marsupio si affida ai migliori corrieri espressi selezionati a seconda della regione di destinazione e della tipologia di prodotto. In fondo alla pagina\" \/>\n<meta property=\"og:url\" content=\"https:\/\/www.marsupio.it\/it\/spedizioni\/\" \/>\n<meta property=\"og:site_name\" content=\"Marsupio\" \/>\n<meta property=\"article:modified_time\" content=\"2023-11-03T09:09:26+00:00\" \/>\n<meta name=\"twitter:card\" content=\"summary_large_image\" \/>\n<meta name=\"twitter:label1\" content=\"Tempo di lettura stimato\" \/>\n\t<meta name=\"twitter:data1\" content=\"2 minuti\" \/>\n<script type=\"application\/ld+json\" class=\"yoast-schema-graph\">{\"@context\":\"https:\/\/schema.org\",\"@graph\":[{\"@type\":\"WebPage\",\"@id\":\"https:\/\/www.marsupio.it\/it\/spedizioni\/\",\"url\":\"https:\/\/www.marsupio.it\/it\/spedizioni\/\",\"name\":\"Spedizioni - Marsupio\",\"isPartOf\":{\"@id\":\"https:\/\/www.marsupio.it\/en\/#website\"},\"datePublished\":\"2018-03-06T16:34:14+00:00\",\"dateModified\":\"2023-11-03T09:09:26+00:00\",\"breadcrumb\":{\"@id\":\"https:\/\/www.marsupio.it\/it\/spedizioni\/#breadcrumb\"},\"inLanguage\":\"it-IT\",\"potentialAction\":[{\"@type\":\"ReadAction\",\"target\":[\"https:\/\/www.marsupio.it\/it\/spedizioni\/\"]}]},{\"@type\":\"BreadcrumbList\",\"@id\":\"https:\/\/www.marsupio.it\/it\/spedizioni\/#breadcrumb\",\"itemListElement\":[{\"@type\":\"ListItem\",\"position\":1,\"name\":\"Home\",\"item\":\"https:\/\/www.marsupio.it\/it\/\"},{\"@type\":\"ListItem\",\"position\":2,\"name\":\"Spedizioni\"}]},{\"@type\":\"WebSite\",\"@id\":\"https:\/\/www.marsupio.it\/en\/#website\",\"url\":\"https:\/\/www.marsupio.it\/en\/\",\"name\":\"Marsupio\",\"description\":\"\",\"publisher\":{\"@id\":\"https:\/\/www.marsupio.it\/en\/#organization\"},\"potentialAction\":[{\"@type\":\"SearchAction\",\"target\":{\"@type\":\"EntryPoint\",\"urlTemplate\":\"https:\/\/www.marsupio.it\/en\/?s={search_term_string}\"},\"query-input\":{\"@type\":\"PropertyValueSpecification\",\"valueRequired\":true,\"valueName\":\"search_term_string\"}}],\"inLanguage\":\"it-IT\"},{\"@type\":\"Organization\",\"@id\":\"https:\/\/www.marsupio.it\/en\/#organization\",\"name\":\"Marsupio\",\"url\":\"https:\/\/www.marsupio.it\/en\/\",\"logo\":{\"@type\":\"ImageObject\",\"inLanguage\":\"it-IT\",\"@id\":\"https:\/\/www.marsupio.it\/en\/#\/schema\/logo\/image\/\",\"url\":\"https:\/\/www.marsupio.it\/wp-content\/uploads\/2022\/09\/Marsupio2-1.png\",\"contentUrl\":\"https:\/\/www.marsupio.it\/wp-content\/uploads\/2022\/09\/Marsupio2-1.png\",\"width\":475,\"height\":294,\"caption\":\"Marsupio\"},\"image\":{\"@id\":\"https:\/\/www.marsupio.it\/en\/#\/schema\/logo\/image\/\"}}]}<\/script>\n<!-- \/ Yoast SEO plugin. -->","yoast_head_json":{"title":"Spedizioni - Marsupio","robots":{"index":"index","follow":"follow","max-snippet":"max-snippet:-1","max-image-preview":"max-image-preview:large","max-video-preview":"max-video-preview:-1"},"canonical":"https:\/\/www.marsupio.it\/it\/spedizioni\/","og_locale":"it_IT","og_type":"article","og_title":"Spedizioni - Marsupio","og_description":"[vc_row][vc_column][\/vc_column][\/vc_row][vc_row][vc_column][vc_column_text css=&#8221;.vc_custom_1699002563288{margin-top: 20px !important;margin-right: 20px !important;margin-left: 20px !important;}&#8221;]Marsupio si affida ai migliori corrieri espressi selezionati a seconda della regione di destinazione e della tipologia di prodotto. In fondo alla pagina","og_url":"https:\/\/www.marsupio.it\/it\/spedizioni\/","og_site_name":"Marsupio","article_modified_time":"2023-11-03T09:09:26+00:00","twitter_card":"summary_large_image","twitter_misc":{"Tempo di lettura stimato":"2 minuti"},"schema":{"@context":"https:\/\/schema.org","@graph":[{"@type":"WebPage","@id":"https:\/\/www.marsupio.it\/it\/spedizioni\/","url":"https:\/\/www.marsupio.it\/it\/spedizioni\/","name":"Spedizioni - Marsupio","isPartOf":{"@id":"https:\/\/www.marsupio.it\/en\/#website"},"datePublished":"2018-03-06T16:34:14+00:00","dateModified":"2023-11-03T09:09:26+00:00","breadcrumb":{"@id":"https:\/\/www.marsupio.it\/it\/spedizioni\/#breadcrumb"},"inLanguage":"it-IT","potentialAction":[{"@type":"ReadAction","target":["https:\/\/www.marsupio.it\/it\/spedizioni\/"]}]},{"@type":"BreadcrumbList","@id":"https:\/\/www.marsupio.it\/it\/spedizioni\/#breadcrumb","itemListElement":[{"@type":"ListItem","position":1,"name":"Home","item":"https:\/\/www.marsupio.it\/it\/"},{"@type":"ListItem","position":2,"name":"Spedizioni"}]},{"@type":"WebSite","@id":"https:\/\/www.marsupio.it\/en\/#website","url":"https:\/\/www.marsupio.it\/en\/","name":"Marsupio","description":"","publisher":{"@id":"https:\/\/www.marsupio.it\/en\/#organization"},"potentialAction":[{"@type":"SearchAction","target":{"@type":"EntryPoint","urlTemplate":"https:\/\/www.marsupio.it\/en\/?s={search_term_string}"},"query-input":{"@type":"PropertyValueSpecification","valueRequired":true,"valueName":"search_term_string"}}],"inLanguage":"it-IT"},{"@type":"Organization","@id":"https:\/\/www.marsupio.it\/en\/#organization","name":"Marsupio","url":"https:\/\/www.marsupio.it\/en\/","logo":{"@type":"ImageObject","inLanguage":"it-IT","@id":"https:\/\/www.marsupio.it\/en\/#\/schema\/logo\/image\/","url":"https:\/\/www.marsupio.it\/wp-content\/uploads\/2022\/09\/Marsupio2-1.png","contentUrl":"https:\/\/www.marsupio.it\/wp-content\/uploads\/2022\/09\/Marsupio2-1.png","width":475,"height":294,"caption":"Marsupio"},"image":{"@id":"https:\/\/www.marsupio.it\/en\/#\/schema\/logo\/image\/"}}]}},"_links":{"self":[{"href":"https:\/\/www.marsupio.it\/it\/wp-json\/wp\/v2\/pages\/22250","targetHints":{"allow":["GET"]}}],"collection":[{"href":"https:\/\/www.marsupio.it\/it\/wp-json\/wp\/v2\/pages"}],"about":[{"href":"https:\/\/www.marsupio.it\/it\/wp-json\/wp\/v2\/types\/page"}],"author":[{"embeddable":true,"href":"https:\/\/www.marsupio.it\/it\/wp-json\/wp\/v2\/users\/182"}],"replies":[{"embeddable":true,"href":"https:\/\/www.marsupio.it\/it\/wp-json\/wp\/v2\/comments?post=22250"}],"version-history":[{"count":24,"href":"https:\/\/www.marsupio.it\/it\/wp-json\/wp\/v2\/pages\/22250\/revisions"}],"predecessor-version":[{"id":49321,"href":"https:\/\/www.marsupio.it\/it\/wp-json\/wp\/v2\/pages\/22250\/revisions\/49321"}],"wp:attachment":[{"href":"https:\/\/www.marsupio.it\/it\/wp-json\/wp\/v2\/media?parent=22250"}],"curies":[{"name":"wp","href":"https:\/\/api.w.org\/{rel}","templated":true}]}}