{"id":20532,"date":"2018-01-23T11:29:35","date_gmt":"2018-01-23T10:29:35","guid":{"rendered":"https:\/\/www.marsupio.it\/?page_id=20532"},"modified":"2019-02-26T15:01:14","modified_gmt":"2019-02-26T14:01:14","slug":"viaggi-sport","status":"publish","type":"page","link":"https:\/\/www.marsupio.it\/it\/shop\/viaggi-sport\/","title":{"rendered":"Viaggi &#038; sport"},"content":{"rendered":"<section class=\"wpb-content-wrapper\"><p>[vc_row][vc_column][vc_column_text css_animation=&#8221;fadeInUp&#8221;]<\/p>\n<h3>MULTI USE BACKPACKS<\/h3>\n<p>[\/vc_column_text][vc_column_text css_animation=&#8221;fadeInUp&#8221;]<\/p>\n<h6><em>Io viaggio non per andare da qualche parte, ma per andare. Viaggio per viaggiare. La gran cosa \u00e8 muoversi, sentire pi\u00f9 acutamente il prurito della nostra vita, scendere da questo letto di piume della civilt\u00e0 e sentirsi sotto i piedi il granito del globo.<br \/>\n(Robert Louis Stevenson) <\/em><\/h6>\n<p>[\/vc_column_text]<div class=\"dfd-spacer-module\"  data-units=\"px\" data-wide_resolution=\"1280\" data-wide_size=\"50\" data-normal_resolution=\"1024\" data-normal_size=\"50\" data-tablet_resolution=\"800\" data-tablet_size=\"50\" data-mobile_resolution=\"480\" data-mobile_size=\"50\" style=\"height: 50px;\"><\/div>[\/vc_column][vc_column][woocomposer_grid shortcode=&#8221;JTVCcHJvZHVjdF9jYXRlZ29yaWVzJTIwJTIwbnVtYmVyJTNEJTIyNDAlMjIlMjBjb2x1bW5zJTNEJTIyNCUyMiUyMG9yZGVyYnklM0QlMjJkYXRlJTIyJTIwb3JkZXIlM0QlMjJhc2MlMjIlMjBpZHMlM0QlMjIxODUlMjIlNUQ=&#8221; enable_category=&#8221;&#8221; module_animation=&#8221;transition.slideUpIn&#8221; products_style=&#8221;style-1&#8243;][\/vc_column][\/vc_row]<\/p>\n<\/section>","protected":false},"excerpt":{"rendered":"<p>[vc_row][vc_column][vc_column_text css_animation=&#8221;fadeInUp&#8221;] MULTI USE BACKPACKS [\/vc_column_text][vc_column_text css_animation=&#8221;fadeInUp&#8221;] Io viaggio non per andare da qualche parte, ma per andare. Viaggio per viaggiare. La gran cosa \u00e8 muoversi, sentire pi\u00f9 acutamente il<\/p>\n","protected":false},"author":182,"featured_media":0,"parent":14038,"menu_order":0,"comment_status":"closed","ping_status":"closed","template":"","meta":{"_acf_changed":false,"footnotes":""},"class_list":["post-20532","page","type-page","status-publish","hentry"],"acf":[],"yoast_head":"<!-- This site is optimized with the Yoast SEO plugin v25.8 - https:\/\/yoast.com\/wordpress\/plugins\/seo\/ -->\n<title>Viaggi &amp; sport - Marsupio<\/title>\n<meta name=\"robots\" content=\"index, follow, max-snippet:-1, max-image-preview:large, max-video-preview:-1\" \/>\n<link rel=\"canonical\" href=\"https:\/\/www.marsupio.it\/it\/shop\/viaggi-sport\/\" \/>\n<meta property=\"og:locale\" content=\"it_IT\" \/>\n<meta property=\"og:type\" content=\"article\" \/>\n<meta property=\"og:title\" content=\"Viaggi &amp; sport - Marsupio\" \/>\n<meta property=\"og:description\" content=\"[vc_row][vc_column][vc_column_text css_animation=&#8221;fadeInUp&#8221;] MULTI USE BACKPACKS [\/vc_column_text][vc_column_text css_animation=&#8221;fadeInUp&#8221;] Io viaggio non per andare da qualche parte, ma per andare. Viaggio per viaggiare. La gran cosa \u00e8 muoversi, sentire pi\u00f9 acutamente il\" \/>\n<meta property=\"og:url\" content=\"https:\/\/www.marsupio.it\/it\/shop\/viaggi-sport\/\" \/>\n<meta property=\"og:site_name\" content=\"Marsupio\" \/>\n<meta property=\"article:modified_time\" content=\"2019-02-26T14:01:14+00:00\" \/>\n<meta name=\"twitter:card\" content=\"summary_large_image\" \/>\n<meta name=\"twitter:label1\" content=\"Tempo di lettura stimato\" \/>\n\t<meta name=\"twitter:data1\" content=\"1 minuto\" \/>\n<script type=\"application\/ld+json\" class=\"yoast-schema-graph\">{\"@context\":\"https:\/\/schema.org\",\"@graph\":[{\"@type\":\"WebPage\",\"@id\":\"https:\/\/www.marsupio.it\/it\/shop\/viaggi-sport\/\",\"url\":\"https:\/\/www.marsupio.it\/it\/shop\/viaggi-sport\/\",\"name\":\"Viaggi & sport - Marsupio\",\"isPartOf\":{\"@id\":\"https:\/\/www.marsupio.it\/en\/#website\"},\"datePublished\":\"2018-01-23T10:29:35+00:00\",\"dateModified\":\"2019-02-26T14:01:14+00:00\",\"breadcrumb\":{\"@id\":\"https:\/\/www.marsupio.it\/it\/shop\/viaggi-sport\/#breadcrumb\"},\"inLanguage\":\"it-IT\",\"potentialAction\":[{\"@type\":\"ReadAction\",\"target\":[\"https:\/\/www.marsupio.it\/it\/shop\/viaggi-sport\/\"]}]},{\"@type\":\"BreadcrumbList\",\"@id\":\"https:\/\/www.marsupio.it\/it\/shop\/viaggi-sport\/#breadcrumb\",\"itemListElement\":[{\"@type\":\"ListItem\",\"position\":1,\"name\":\"Home\",\"item\":\"https:\/\/www.marsupio.it\/it\/\"},{\"@type\":\"ListItem\",\"position\":2,\"name\":\"prodotti\",\"item\":\"https:\/\/www.marsupio.it\/it\/shop\/\"},{\"@type\":\"ListItem\",\"position\":3,\"name\":\"Viaggi &#038; sport\"}]},{\"@type\":\"WebSite\",\"@id\":\"https:\/\/www.marsupio.it\/en\/#website\",\"url\":\"https:\/\/www.marsupio.it\/en\/\",\"name\":\"Marsupio\",\"description\":\"\",\"publisher\":{\"@id\":\"https:\/\/www.marsupio.it\/en\/#organization\"},\"potentialAction\":[{\"@type\":\"SearchAction\",\"target\":{\"@type\":\"EntryPoint\",\"urlTemplate\":\"https:\/\/www.marsupio.it\/en\/?s={search_term_string}\"},\"query-input\":{\"@type\":\"PropertyValueSpecification\",\"valueRequired\":true,\"valueName\":\"search_term_string\"}}],\"inLanguage\":\"it-IT\"},{\"@type\":\"Organization\",\"@id\":\"https:\/\/www.marsupio.it\/en\/#organization\",\"name\":\"Marsupio\",\"url\":\"https:\/\/www.marsupio.it\/en\/\",\"logo\":{\"@type\":\"ImageObject\",\"inLanguage\":\"it-IT\",\"@id\":\"https:\/\/www.marsupio.it\/en\/#\/schema\/logo\/image\/\",\"url\":\"https:\/\/www.marsupio.it\/wp-content\/uploads\/2022\/09\/Marsupio2-1.png\",\"contentUrl\":\"https:\/\/www.marsupio.it\/wp-content\/uploads\/2022\/09\/Marsupio2-1.png\",\"width\":475,\"height\":294,\"caption\":\"Marsupio\"},\"image\":{\"@id\":\"https:\/\/www.marsupio.it\/en\/#\/schema\/logo\/image\/\"}}]}<\/script>\n<!-- \/ Yoast SEO plugin. -->","yoast_head_json":{"title":"Viaggi & sport - Marsupio","robots":{"index":"index","follow":"follow","max-snippet":"max-snippet:-1","max-image-preview":"max-image-preview:large","max-video-preview":"max-video-preview:-1"},"canonical":"https:\/\/www.marsupio.it\/it\/shop\/viaggi-sport\/","og_locale":"it_IT","og_type":"article","og_title":"Viaggi & sport - Marsupio","og_description":"[vc_row][vc_column][vc_column_text css_animation=&#8221;fadeInUp&#8221;] MULTI USE BACKPACKS [\/vc_column_text][vc_column_text css_animation=&#8221;fadeInUp&#8221;] Io viaggio non per andare da qualche parte, ma per andare. Viaggio per viaggiare. La gran cosa \u00e8 muoversi, sentire pi\u00f9 acutamente il","og_url":"https:\/\/www.marsupio.it\/it\/shop\/viaggi-sport\/","og_site_name":"Marsupio","article_modified_time":"2019-02-26T14:01:14+00:00","twitter_card":"summary_large_image","twitter_misc":{"Tempo di lettura stimato":"1 minuto"},"schema":{"@context":"https:\/\/schema.org","@graph":[{"@type":"WebPage","@id":"https:\/\/www.marsupio.it\/it\/shop\/viaggi-sport\/","url":"https:\/\/www.marsupio.it\/it\/shop\/viaggi-sport\/","name":"Viaggi & sport - Marsupio","isPartOf":{"@id":"https:\/\/www.marsupio.it\/en\/#website"},"datePublished":"2018-01-23T10:29:35+00:00","dateModified":"2019-02-26T14:01:14+00:00","breadcrumb":{"@id":"https:\/\/www.marsupio.it\/it\/shop\/viaggi-sport\/#breadcrumb"},"inLanguage":"it-IT","potentialAction":[{"@type":"ReadAction","target":["https:\/\/www.marsupio.it\/it\/shop\/viaggi-sport\/"]}]},{"@type":"BreadcrumbList","@id":"https:\/\/www.marsupio.it\/it\/shop\/viaggi-sport\/#breadcrumb","itemListElement":[{"@type":"ListItem","position":1,"name":"Home","item":"https:\/\/www.marsupio.it\/it\/"},{"@type":"ListItem","position":2,"name":"prodotti","item":"https:\/\/www.marsupio.it\/it\/shop\/"},{"@type":"ListItem","position":3,"name":"Viaggi &#038; sport"}]},{"@type":"WebSite","@id":"https:\/\/www.marsupio.it\/en\/#website","url":"https:\/\/www.marsupio.it\/en\/","name":"Marsupio","description":"","publisher":{"@id":"https:\/\/www.marsupio.it\/en\/#organization"},"potentialAction":[{"@type":"SearchAction","target":{"@type":"EntryPoint","urlTemplate":"https:\/\/www.marsupio.it\/en\/?s={search_term_string}"},"query-input":{"@type":"PropertyValueSpecification","valueRequired":true,"valueName":"search_term_string"}}],"inLanguage":"it-IT"},{"@type":"Organization","@id":"https:\/\/www.marsupio.it\/en\/#organization","name":"Marsupio","url":"https:\/\/www.marsupio.it\/en\/","logo":{"@type":"ImageObject","inLanguage":"it-IT","@id":"https:\/\/www.marsupio.it\/en\/#\/schema\/logo\/image\/","url":"https:\/\/www.marsupio.it\/wp-content\/uploads\/2022\/09\/Marsupio2-1.png","contentUrl":"https:\/\/www.marsupio.it\/wp-content\/uploads\/2022\/09\/Marsupio2-1.png","width":475,"height":294,"caption":"Marsupio"},"image":{"@id":"https:\/\/www.marsupio.it\/en\/#\/schema\/logo\/image\/"}}]}},"_links":{"self":[{"href":"https:\/\/www.marsupio.it\/it\/wp-json\/wp\/v2\/pages\/20532","targetHints":{"allow":["GET"]}}],"collection":[{"href":"https:\/\/www.marsupio.it\/it\/wp-json\/wp\/v2\/pages"}],"about":[{"href":"https:\/\/www.marsupio.it\/it\/wp-json\/wp\/v2\/types\/page"}],"author":[{"embeddable":true,"href":"https:\/\/www.marsupio.it\/it\/wp-json\/wp\/v2\/users\/182"}],"replies":[{"embeddable":true,"href":"https:\/\/www.marsupio.it\/it\/wp-json\/wp\/v2\/comments?post=20532"}],"version-history":[{"count":3,"href":"https:\/\/www.marsupio.it\/it\/wp-json\/wp\/v2\/pages\/20532\/revisions"}],"predecessor-version":[{"id":25358,"href":"https:\/\/www.marsupio.it\/it\/wp-json\/wp\/v2\/pages\/20532\/revisions\/25358"}],"up":[{"embeddable":true,"href":"https:\/\/www.marsupio.it\/it\/wp-json\/wp\/v2\/pages\/14038"}],"wp:attachment":[{"href":"https:\/\/www.marsupio.it\/it\/wp-json\/wp\/v2\/media?parent=20532"}],"curies":[{"name":"wp","href":"https:\/\/api.w.org\/{rel}","templated":true}]}}